{"id":24377,"date":"2021-06-14T14:43:19","date_gmt":"2021-06-14T14:43:19","guid":{"rendered":"https:\/\/massagenearby.ca\/qui-nous-sommes\/"},"modified":"2025-06-16T00:51:31","modified_gmt":"2025-06-16T00:51:31","slug":"qui-nous-sommes","status":"publish","type":"page","link":"https:\/\/massagenearby.ca\/fr\/qui-nous-sommes\/","title":{"rendered":"Qui nous sommes"},"content":{"rendered":"\t\t<div data-elementor-type=\"wp-page\" data-elementor-id=\"24377\" class=\"elementor elementor-24377 elementor-17378\" data-elementor-post-type=\"page\">\n\t\t\t\t\t\t<section class=\"elementor-section elementor-top-section elementor-element elementor-element-39c2ec9 elementor-section-boxed elementor-section-height-default elementor-section-height-default sc_fly_static\" data-id=\"39c2ec9\" data-element_type=\"section\">\n\t\t\t\t\t\t<div class=\"elementor-container elementor-column-gap-extended\">\n\t\t\t\t\t<div class=\"elementor-column elementor-col-100 elementor-top-column elementor-element elementor-element-636fe77 sc_content_align_inherit sc_layouts_column_icons_position_left sc_fly_static\" data-id=\"636fe77\" data-element_type=\"column\">\n\t\t\t<div class=\"elementor-widget-wrap elementor-element-populated\">\n\t\t\t\t\t\t<div class=\"elementor-element elementor-element-094266c sc_height_huge sc_fly_static elementor-widget elementor-widget-spacer\" data-id=\"094266c\" data-element_type=\"widget\" data-widget_type=\"spacer.default\">\n\t\t\t\t<div class=\"elementor-widget-container\">\n\t\t\t\t\t\t\t<div class=\"elementor-spacer\">\n\t\t\t<div class=\"elementor-spacer-inner\"><\/div>\n\t\t<\/div>\n\t\t\t\t\t\t<\/div>\n\t\t\t\t<\/div>\n\t\t\t\t\t<\/div>\n\t\t<\/div>\n\t\t\t\t\t<\/div>\n\t\t<\/section>\n\t\t\t\t<section class=\"elementor-section elementor-top-section elementor-element elementor-element-3220cf4 elementor-section-content-middle elementor-section-boxed elementor-section-height-default elementor-section-height-default sc_fly_static\" data-id=\"3220cf4\" data-element_type=\"section\">\n\t\t\t\t\t\t<div class=\"elementor-container elementor-column-gap-extended\">\n\t\t\t\t\t<div class=\"elementor-column elementor-col-50 elementor-top-column elementor-element elementor-element-e55b94f sc_content_align_inherit sc_layouts_column_icons_position_left sc_fly_static\" data-id=\"e55b94f\" data-element_type=\"column\" data-settings=\"{&quot;background_background&quot;:&quot;classic&quot;}\">\n\t\t\t<div class=\"elementor-widget-wrap elementor-element-populated\">\n\t\t\t\t\t\t<div class=\"elementor-element elementor-element-fe6e0b3 sc_fly_static elementor-widget elementor-widget-spacer\" data-id=\"fe6e0b3\" data-element_type=\"widget\" data-widget_type=\"spacer.default\">\n\t\t\t\t<div class=\"elementor-widget-container\">\n\t\t\t\t\t\t\t<div class=\"elementor-spacer\">\n\t\t\t<div class=\"elementor-spacer-inner\"><\/div>\n\t\t<\/div>\n\t\t\t\t\t\t<\/div>\n\t\t\t\t<\/div>\n\t\t\t\t\t<\/div>\n\t\t<\/div>\n\t\t\t\t<div class=\"elementor-column elementor-col-50 elementor-top-column elementor-element elementor-element-f7d3657 sc_content_align_inherit sc_layouts_column_icons_position_left sc_fly_static\" data-id=\"f7d3657\" data-element_type=\"column\">\n\t\t\t<div class=\"elementor-widget-wrap elementor-element-populated\">\n\t\t\t\t\t\t<div class=\"elementor-element elementor-element-9e7f91d sc_height_small sc_fly_static elementor-widget elementor-widget-spacer\" data-id=\"9e7f91d\" data-element_type=\"widget\" data-widget_type=\"spacer.default\">\n\t\t\t\t<div class=\"elementor-widget-container\">\n\t\t\t\t\t\t\t<div class=\"elementor-spacer\">\n\t\t\t<div class=\"elementor-spacer-inner\"><\/div>\n\t\t<\/div>\n\t\t\t\t\t\t<\/div>\n\t\t\t\t<\/div>\n\t\t\t\t<div class=\"elementor-element elementor-element-fdca377 sc_fly_static elementor-widget elementor-widget-trx_sc_title\" data-id=\"fdca377\" data-element_type=\"widget\" data-widget_type=\"trx_sc_title.default\">\n\t\t\t\t<div class=\"elementor-widget-container\">\n\t\t\t\t\t<div\t\tclass=\"sc_title sc_title_default\" ><span class=\"sc_item_subtitle sc_title_subtitle sc_item_subtitle_above sc_item_title_style_default\">\u00c0 propos de nous<\/span><h3 class=\"sc_item_title sc_title_title sc_item_title_style_default sc_item_title_tag\"\n\t\t\t><span class=\"sc_item_title_text\">Pourquoi nous sommes les meilleurs<\/span><\/h3><div class=\"sc_item_descr sc_title_descr\"><p>Fond\u00e9 avec une passion pour la sant\u00e9 et un engagement envers la communaut\u00e9 locale, Massage Experts est n\u00e9 de la conviction que la massoth\u00e9rapie de qualit\u00e9 devrait \u00eatre accessible \u00e0 tous. Notre parcours a commenc\u00e9 avec l\u2019id\u00e9e simple de cr\u00e9er un espace accueillant o\u00f9 les personnes occup\u00e9es pouvaient trouver du r\u00e9confort et de la gu\u00e9rison pr\u00e8s de chez elles. <\/p>\n<\/div><\/div>\t\t\t\t<\/div>\n\t\t\t\t<\/div>\n\t\t\t\t<div class=\"elementor-element elementor-element-0bd7a39 sc_height_small sc_layouts_hide_on_mobile sc_fly_static elementor-widget elementor-widget-spacer\" data-id=\"0bd7a39\" data-element_type=\"widget\" data-widget_type=\"spacer.default\">\n\t\t\t\t<div class=\"elementor-widget-container\">\n\t\t\t\t\t\t\t<div class=\"elementor-spacer\">\n\t\t\t<div class=\"elementor-spacer-inner\"><\/div>\n\t\t<\/div>\n\t\t\t\t\t\t<\/div>\n\t\t\t\t<\/div>\n\t\t\t\t\t<\/div>\n\t\t<\/div>\n\t\t\t\t\t<\/div>\n\t\t<\/section>\n\t\t\t\t<section class=\"elementor-section elementor-top-section elementor-element elementor-element-df2aec3 elementor-section-boxed elementor-section-height-default elementor-section-height-default sc_fly_static\" data-id=\"df2aec3\" data-element_type=\"section\">\n\t\t\t\t\t\t<div class=\"elementor-container elementor-column-gap-extended\">\n\t\t\t\t\t<div class=\"elementor-column elementor-col-33 elementor-top-column elementor-element elementor-element-5aa612e sc_content_align_inherit sc_layouts_column_icons_position_left sc_fly_static\" data-id=\"5aa612e\" data-element_type=\"column\">\n\t\t\t<div class=\"elementor-widget-wrap\">\n\t\t\t\t\t\t\t<\/div>\n\t\t<\/div>\n\t\t\t\t<div class=\"elementor-column elementor-col-33 elementor-top-column elementor-element elementor-element-d90f6c2 sc_content_align_inherit sc_layouts_column_icons_position_left sc_fly_static\" data-id=\"d90f6c2\" data-element_type=\"column\">\n\t\t\t<div class=\"elementor-widget-wrap elementor-element-populated\">\n\t\t\t\t\t\t<div class=\"elementor-element elementor-element-770690e sc_height_small sc_fly_static elementor-widget elementor-widget-spacer\" data-id=\"770690e\" data-element_type=\"widget\" data-widget_type=\"spacer.default\">\n\t\t\t\t<div class=\"elementor-widget-container\">\n\t\t\t\t\t\t\t<div class=\"elementor-spacer\">\n\t\t\t<div class=\"elementor-spacer-inner\"><\/div>\n\t\t<\/div>\n\t\t\t\t\t\t<\/div>\n\t\t\t\t<\/div>\n\t\t\t\t<div class=\"elementor-element elementor-element-06a9c75 sc_fly_static elementor-widget elementor-widget-trx_sc_title\" data-id=\"06a9c75\" data-element_type=\"widget\" data-widget_type=\"trx_sc_title.default\">\n\t\t\t\t<div class=\"elementor-widget-container\">\n\t\t\t\t\t<div\t\tclass=\"sc_title sc_title_default\" ><span class=\"sc_item_subtitle sc_title_subtitle sc_item_subtitle_above sc_item_title_style_default\">\u00c0 propos de nous<\/span><h3 class=\"sc_item_title sc_title_title sc_item_title_style_default sc_item_title_tag\"\n\t\t\t><span class=\"sc_item_title_text\">Mission et vision\n<\/span><\/h3><div class=\"sc_item_descr sc_title_descr\"><p>Notre mission est d\u2019offrir des exp\u00e9riences de massage revitalisantes qui favorisent le bien-\u00eatre physique, mental et \u00e9motionnel\u2014directement dans votre quartier\u2014tandis que notre vision est de devenir le centre de bien-\u00eatre de confiance pour les r\u00e9sidents locaux, reconnu pour nos soins personnalis\u00e9s, nos th\u00e9rapeutes experts et une atmosph\u00e8re apaisante qui transforme le stress quotidien en relaxation durable.<\/p>\n<\/div><\/div>\t\t\t\t<\/div>\n\t\t\t\t<\/div>\n\t\t\t\t<div class=\"elementor-element elementor-element-a8e6ddb sc_height_small sc_layouts_hide_on_mobile sc_fly_static elementor-widget elementor-widget-spacer\" data-id=\"a8e6ddb\" data-element_type=\"widget\" data-widget_type=\"spacer.default\">\n\t\t\t\t<div class=\"elementor-widget-container\">\n\t\t\t\t\t\t\t<div class=\"elementor-spacer\">\n\t\t\t<div class=\"elementor-spacer-inner\"><\/div>\n\t\t<\/div>\n\t\t\t\t\t\t<\/div>\n\t\t\t\t<\/div>\n\t\t\t\t\t<\/div>\n\t\t<\/div>\n\t\t\t\t<div class=\"elementor-column elementor-col-33 elementor-top-column elementor-element elementor-element-d5038c1 sc_content_align_inherit sc_layouts_column_icons_position_left sc_fly_static\" data-id=\"d5038c1\" data-element_type=\"column\">\n\t\t\t<div class=\"elementor-widget-wrap\">\n\t\t\t\t\t\t\t<\/div>\n\t\t<\/div>\n\t\t\t\t\t<\/div>\n\t\t<\/section>\n\t\t\t\t<section class=\"elementor-section elementor-top-section elementor-element elementor-element-7e0372cb scheme_dark elementor-section-boxed elementor-section-height-default elementor-section-height-default sc_fly_static\" data-id=\"7e0372cb\" data-element_type=\"section\" data-settings=\"{&quot;background_background&quot;:&quot;classic&quot;}\">\n\t\t\t\t\t\t<div class=\"elementor-container elementor-column-gap-extended\">\n\t\t\t\t\t<div class=\"elementor-column elementor-col-100 elementor-top-column elementor-element elementor-element-4dd45c3d sc_content_align_inherit sc_layouts_column_icons_position_left sc_fly_static\" data-id=\"4dd45c3d\" data-element_type=\"column\">\n\t\t\t<div class=\"elementor-widget-wrap elementor-element-populated\">\n\t\t\t\t\t\t<div class=\"elementor-element elementor-element-7cbb6f19 sc_height_huge sc_fly_static elementor-widget elementor-widget-spacer\" data-id=\"7cbb6f19\" data-element_type=\"widget\" data-widget_type=\"spacer.default\">\n\t\t\t\t<div class=\"elementor-widget-container\">\n\t\t\t\t\t\t\t<div class=\"elementor-spacer\">\n\t\t\t<div class=\"elementor-spacer-inner\"><\/div>\n\t\t<\/div>\n\t\t\t\t\t\t<\/div>\n\t\t\t\t<\/div>\n\t\t\t\t<section class=\"elementor-section elementor-inner-section elementor-element elementor-element-44ba2020 elementor-section-boxed elementor-section-height-default elementor-section-height-default sc_fly_static\" data-id=\"44ba2020\" data-element_type=\"section\">\n\t\t\t\t\t\t<div class=\"elementor-container elementor-column-gap-no\">\n\t\t\t\t\t<div class=\"elementor-column elementor-col-100 elementor-inner-column elementor-element elementor-element-6cc1fcba sc_content_align_inherit sc_layouts_column_icons_position_left sc_fly_static\" data-id=\"6cc1fcba\" data-element_type=\"column\">\n\t\t\t<div class=\"elementor-widget-wrap elementor-element-populated\">\n\t\t\t\t\t\t<div class=\"elementor-element elementor-element-5d1c1cb1 sc_fly_static elementor-widget elementor-widget-trx_sc_skills\" data-id=\"5d1c1cb1\" data-element_type=\"widget\" data-widget_type=\"trx_sc_skills.default\">\n\t\t\t\t<div class=\"elementor-widget-container\">\n\t\t\t\t\t<div\t\tclass=\"sc_skills sc_skills_counter sc_skills_counter_style_counter sc_align_center\"\n\t\t\t\tdata-type=\"counter\" ><div class=\"sc_skills_columns sc_item_columns trx_addons_columns_wrap columns_padding_bottom columns_in_single_row\"><div class=\"sc_skills_column trx_addons_column-1_4\"><div class=\"sc_skills_item_wrap sc_skills_item_icon_position_top\"><div class=\"sc_skills_item\"><div class=\"sc_skills_icon sc_icon_type_ icon-excercise\"><\/div><div class=\"sc_skills_total\" data-start=\"0\" data-stop=\"100\" data-step=\"1\" data-max=\"100\" data-speed=\"15\" data-duration=\"1500\" data-ed=\"%\" data-style=\"counter\">0%<\/div><\/div><div class=\"sc_skills_item_title\">Clients satisfaits<\/div><\/div><\/div><div class=\"sc_skills_column trx_addons_column-1_4\"><div class=\"sc_skills_item_wrap sc_skills_item_icon_position_top\"><div class=\"sc_skills_item\"><div class=\"sc_skills_icon sc_icon_type_ icon-gesture\"><\/div><div class=\"sc_skills_total\" data-start=\"0\" data-stop=\"12\" data-step=\"0.12\" data-max=\"100\" data-speed=\"15\" data-duration=\"1500\" data-ed=\"+\" data-style=\"counter\">0+<\/div><\/div><div class=\"sc_skills_item_title\">Type de massage<\/div><\/div><\/div><div class=\"sc_skills_column trx_addons_column-1_4\"><div class=\"sc_skills_item_wrap sc_skills_item_icon_position_top\"><div class=\"sc_skills_item\"><div class=\"sc_skills_icon sc_icon_type_ icon-massage\"><\/div><div class=\"sc_skills_total\" data-start=\"0\" data-stop=\"3\" data-step=\"0.03\" data-max=\"100\" data-speed=\"15\" data-duration=\"1500\" data-ed=\"k +\" data-style=\"counter\">0k +<\/div><\/div><div class=\"sc_skills_item_title\">Client <\/div><\/div><\/div><div class=\"sc_skills_column trx_addons_column-1_4\"><div class=\"sc_skills_item_wrap sc_skills_item_icon_position_top\"><div class=\"sc_skills_item\"><div class=\"sc_skills_icon sc_icon_type_ icon-relaxing\"><\/div><div class=\"sc_skills_total\" data-start=\"0\" data-stop=\"9\" data-step=\"0.09\" data-max=\"100\" data-speed=\"15\" data-duration=\"1500\" data-ed=\"\" data-style=\"counter\">0<\/div><\/div><div class=\"sc_skills_item_title\">Massage Experts <\/div><\/div><\/div><\/div><\/div>\t\t\t\t<\/div>\n\t\t\t\t<\/div>\n\t\t\t\t\t<\/div>\n\t\t<\/div>\n\t\t\t\t\t<\/div>\n\t\t<\/section>\n\t\t\t\t<div class=\"elementor-element elementor-element-7f6daf13 sc_height_large sc_fly_static elementor-widget elementor-widget-spacer\" data-id=\"7f6daf13\" data-element_type=\"widget\" data-widget_type=\"spacer.default\">\n\t\t\t\t<div class=\"elementor-widget-container\">\n\t\t\t\t\t\t\t<div class=\"elementor-spacer\">\n\t\t\t<div class=\"elementor-spacer-inner\"><\/div>\n\t\t<\/div>\n\t\t\t\t\t\t<\/div>\n\t\t\t\t<\/div>\n\t\t\t\t\t<\/div>\n\t\t<\/div>\n\t\t\t\t\t<\/div>\n\t\t<\/section>\n\t\t\t\t<section class=\"elementor-section elementor-top-section elementor-element elementor-element-229bde04 elementor-section-boxed elementor-section-height-default elementor-section-height-default sc_fly_static\" data-id=\"229bde04\" data-element_type=\"section\">\n\t\t\t\t\t\t<div class=\"elementor-container elementor-column-gap-extended\">\n\t\t\t\t\t<div class=\"elementor-column elementor-col-100 elementor-top-column elementor-element elementor-element-26b60757 sc_content_align_inherit sc_layouts_column_icons_position_left sc_fly_static\" data-id=\"26b60757\" data-element_type=\"column\">\n\t\t\t<div class=\"elementor-widget-wrap elementor-element-populated\">\n\t\t\t\t\t\t<div class=\"elementor-element elementor-element-184e314a sc_fly_static elementor-widget elementor-widget-trx_sc_button\" data-id=\"184e314a\" data-element_type=\"widget\" data-widget_type=\"trx_sc_button.default\">\n\t\t\t\t<div class=\"elementor-widget-container\">\n\t\t\t\t\t<div\tclass=\"sc_item_button sc_button_wrap sc_align_center\" ><a href=\"https:\/\/go.booker.com\/location\/MExCartierville\/service-menu?campaign=ppc_google_mn_landing_page&#038;source=web_direct\" class=\"sc_button sc_button_modern sc_button_size_normal sc_button_icon_left\" target=\"_blank\" rel=\"noopener\"><span class=\"sc_button_text\"><span class=\"sc_button_title_first\">Prendre un rendez-vous<\/span><span class=\"sc_button_title_second\">Prendre un rendez-vous<\/span><\/span><\/a><\/div>\t\t\t\t<\/div>\n\t\t\t\t<\/div>\n\t\t\t\t\t<\/div>\n\t\t<\/div>\n\t\t\t\t\t<\/div>\n\t\t<\/section>\n\t\t\t\t<section class=\"elementor-section elementor-top-section elementor-element elementor-element-f8b31b9 elementor-section-stretched elementor-section-boxed elementor-section-height-default elementor-section-height-default sc_fly_static\" data-id=\"f8b31b9\" data-element_type=\"section\" data-settings=\"{&quot;stretch_section&quot;:&quot;section-stretched&quot;,&quot;background_background&quot;:&quot;classic&quot;}\">\n\t\t\t\t\t\t<div class=\"elementor-container elementor-column-gap-extended\">\n\t\t\t\t\t<div class=\"elementor-column elementor-col-100 elementor-top-column elementor-element elementor-element-c8e51db sc_content_align_inherit sc_layouts_column_icons_position_left sc_fly_static\" data-id=\"c8e51db\" data-element_type=\"column\">\n\t\t\t<div class=\"elementor-widget-wrap elementor-element-populated\">\n\t\t\t\t\t\t<div class=\"elementor-element elementor-element-d452755 sc_fly_static elementor-widget elementor-widget-trx_sc_title\" data-id=\"d452755\" data-element_type=\"widget\" data-widget_type=\"trx_sc_title.default\">\n\t\t\t\t<div class=\"elementor-widget-container\">\n\t\t\t\t\t<div\t\tclass=\"sc_title sc_title_decoration\" ><span class=\"sc_item_subtitle sc_title_subtitle sc_align_center sc_item_subtitle_above sc_item_title_style_decoration\">Notre \u00e9quipe<\/span><h2 class=\"sc_item_title sc_title_title sc_align_center sc_item_title_style_decoration sc_item_title_tag\"\n\t\t\t><span class=\"sc_item_title_text\">Rencontrez nos experts<\/span><\/h2><div class=\"sc_item_descr sc_title_descr sc_align_center\"><p>Notre \u00e9quipe de massoth\u00e9rapeutes professionnels est d\u00e9di\u00e9e \u00e0 votre bien-\u00eatre. Gr\u00e2ce \u00e0 des certifications avanc\u00e9es en massage su\u00e9dois, tissus profonds, pierres chaudes, aromath\u00e9rapie et plus encore, chaque th\u00e9rapeute apporte un m\u00e9lange d\u2019expertise, de compassion et de soins personnalis\u00e9s \u00e0 chaque s\u00e9ance. Nous suivons une formation continue afin de rester \u00e0 la fine pointe des techniques th\u00e9rapeutiques, assurant ainsi que votre exp\u00e9rience soit \u00e0 la fois efficace et adapt\u00e9e \u00e0 vos besoins uniques.  <\/p>\n<\/div><\/div>\t\t\t\t<\/div>\n\t\t\t\t<\/div>\n\t\t\t\t<div class=\"elementor-element elementor-element-c49df30 sc_height_small sc_fly_static elementor-widget elementor-widget-spacer\" data-id=\"c49df30\" data-element_type=\"widget\" data-widget_type=\"spacer.default\">\n\t\t\t\t<div class=\"elementor-widget-container\">\n\t\t\t\t\t\t\t<div class=\"elementor-spacer\">\n\t\t\t<div class=\"elementor-spacer-inner\"><\/div>\n\t\t<\/div>\n\t\t\t\t\t\t<\/div>\n\t\t\t\t<\/div>\n\t\t\t\t\t<\/div>\n\t\t<\/div>\n\t\t\t\t\t<\/div>\n\t\t<\/section>\n\t\t\t\t<section class=\"elementor-section elementor-top-section elementor-element elementor-element-a1b1771 elementor-section-boxed elementor-section-height-default elementor-section-height-default sc_fly_static\" data-id=\"a1b1771\" data-element_type=\"section\">\n\t\t\t\t\t\t<div class=\"elementor-container elementor-column-gap-extended\">\n\t\t\t\t\t<div class=\"elementor-column elementor-col-100 elementor-top-column elementor-element elementor-element-22e2aaf sc_content_align_inherit sc_layouts_column_icons_position_left sc_fly_static\" data-id=\"22e2aaf\" data-element_type=\"column\">\n\t\t\t<div class=\"elementor-widget-wrap elementor-element-populated\">\n\t\t\t\t\t\t<div class=\"elementor-element elementor-element-05c3a70 sc_fly_static elementor-widget elementor-widget-trx_sc_button\" data-id=\"05c3a70\" data-element_type=\"widget\" data-widget_type=\"trx_sc_button.default\">\n\t\t\t\t<div class=\"elementor-widget-container\">\n\t\t\t\t\t<div\tclass=\"sc_item_button sc_button_wrap sc_align_center\" ><a href=\"https:\/\/go.booker.com\/location\/MExCartierville\/service-menu?campaign=ppc_google_mn_landing_page&#038;source=web_direct\" class=\"sc_button sc_button_modern sc_button_size_normal sc_button_icon_left\" target=\"_blank\" rel=\"noopener\"><span class=\"sc_button_text\"><span class=\"sc_button_title_first\">Prendre un rendez-vous<\/span><span class=\"sc_button_title_second\">Prendre un rendez-vous<\/span><\/span><\/a><\/div>\t\t\t\t<\/div>\n\t\t\t\t<\/div>\n\t\t\t\t\t<\/div>\n\t\t<\/div>\n\t\t\t\t\t<\/div>\n\t\t<\/section>\n\t\t\t\t<section class=\"elementor-section elementor-top-section elementor-element elementor-element-37b3344b scheme_dark elementor-section-boxed elementor-section-height-default elementor-section-height-default sc_fly_static\" data-id=\"37b3344b\" data-element_type=\"section\" data-settings=\"{&quot;background_background&quot;:&quot;classic&quot;}\">\n\t\t\t\t\t\t<div class=\"elementor-container elementor-column-gap-extended\">\n\t\t\t\t\t<div class=\"elementor-column elementor-col-100 elementor-top-column elementor-element elementor-element-10eb4369 sc_content_align_inherit sc_layouts_column_icons_position_left sc_fly_static\" data-id=\"10eb4369\" data-element_type=\"column\">\n\t\t\t<div class=\"elementor-widget-wrap elementor-element-populated\">\n\t\t\t\t\t\t<div class=\"elementor-element elementor-element-69c42050 sc_height_huge sc_fly_static elementor-widget elementor-widget-spacer\" data-id=\"69c42050\" data-element_type=\"widget\" data-widget_type=\"spacer.default\">\n\t\t\t\t<div class=\"elementor-widget-container\">\n\t\t\t\t\t\t\t<div class=\"elementor-spacer\">\n\t\t\t<div class=\"elementor-spacer-inner\"><\/div>\n\t\t<\/div>\n\t\t\t\t\t\t<\/div>\n\t\t\t\t<\/div>\n\t\t\t\t<div class=\"elementor-element elementor-element-a9a0631 sc_height_medium sc_fly_static elementor-widget elementor-widget-spacer\" data-id=\"a9a0631\" data-element_type=\"widget\" data-widget_type=\"spacer.default\">\n\t\t\t\t<div class=\"elementor-widget-container\">\n\t\t\t\t\t\t\t<div class=\"elementor-spacer\">\n\t\t\t<div class=\"elementor-spacer-inner\"><\/div>\n\t\t<\/div>\n\t\t\t\t\t\t<\/div>\n\t\t\t\t<\/div>\n\t\t\t\t<div class=\"elementor-element elementor-element-508a8d71 sc_fly_static elementor-widget elementor-widget-trx_sc_title\" data-id=\"508a8d71\" data-element_type=\"widget\" data-widget_type=\"trx_sc_title.default\">\n\t\t\t\t<div class=\"elementor-widget-container\">\n\t\t\t\t\t<div\t\tclass=\"sc_title sc_title_decoration\" ><span class=\"sc_item_subtitle sc_title_subtitle sc_align_center sc_item_subtitle_above sc_item_title_style_decoration\">Notre offre sp\u00e9ciale<\/span><h1 class=\"sc_item_title sc_title_title sc_align_center sc_item_title_style_decoration sc_item_title_tag\"\n\t\t\t><span class=\"sc_item_title_text\">Vous m\u00e9ritez ce moment<\/span><\/h1><\/div>\t\t\t\t<\/div>\n\t\t\t\t<\/div>\n\t\t\t\t<div class=\"elementor-element elementor-element-88d36e4 sc_fly_static elementor-widget elementor-widget-spacer\" data-id=\"88d36e4\" data-element_type=\"widget\" data-widget_type=\"spacer.default\">\n\t\t\t\t<div class=\"elementor-widget-container\">\n\t\t\t\t\t\t\t<div class=\"elementor-spacer\">\n\t\t\t<div class=\"elementor-spacer-inner\"><\/div>\n\t\t<\/div>\n\t\t\t\t\t\t<\/div>\n\t\t\t\t<\/div>\n\t\t\t\t<div class=\"elementor-element elementor-element-e194002 scheme_default sc_fly_static elementor-widget elementor-widget-trx_sc_button\" data-id=\"e194002\" data-element_type=\"widget\" data-widget_type=\"trx_sc_button.default\">\n\t\t\t\t<div class=\"elementor-widget-container\">\n\t\t\t\t\t<div\tclass=\"sc_item_button sc_button_wrap sc_align_center\" ><a href=\"https:\/\/go.booker.com\/location\/MExCartierville\/service-menu?campaign=ppc_google_mn_landing_page&#038;source=web_direct\" class=\"sc_button sc_button_modern sc_button_size_normal sc_button_icon_left\" target=\"_blank\" rel=\"noopener\"><span class=\"sc_button_text\"><span class=\"sc_button_title_first\">Prendre un rendez-vous<\/span><span class=\"sc_button_title_second\">Prendre un rendez-vous<\/span><\/span><\/a><\/div>\t\t\t\t<\/div>\n\t\t\t\t<\/div>\n\t\t\t\t<div class=\"elementor-element elementor-element-291ec0f9 sc_height_huge sc_fly_static elementor-widget elementor-widget-spacer\" data-id=\"291ec0f9\" data-element_type=\"widget\" data-widget_type=\"spacer.default\">\n\t\t\t\t<div class=\"elementor-widget-container\">\n\t\t\t\t\t\t\t<div class=\"elementor-spacer\">\n\t\t\t<div class=\"elementor-spacer-inner\"><\/div>\n\t\t<\/div>\n\t\t\t\t\t\t<\/div>\n\t\t\t\t<\/div>\n\t\t\t\t<div class=\"elementor-element elementor-element-39213ec sc_height_medium sc_fly_static elementor-widget elementor-widget-spacer\" data-id=\"39213ec\" data-element_type=\"widget\" data-widget_type=\"spacer.default\">\n\t\t\t\t<div class=\"elementor-widget-container\">\n\t\t\t\t\t\t\t<div class=\"elementor-spacer\">\n\t\t\t<div class=\"elementor-spacer-inner\"><\/div>\n\t\t<\/div>\n\t\t\t\t\t\t<\/div>\n\t\t\t\t<\/div>\n\t\t\t\t\t<\/div>\n\t\t<\/div>\n\t\t\t\t\t<\/div>\n\t\t<\/section>\n\t\t\t\t<\/div>\n\t\t","protected":false},"excerpt":{"rendered":"<p>\u00c0 propos de nous Pourquoi nous sommes les meilleurs Fond\u00e9 avec une passion pour la sant\u00e9 et un engagement envers la communaut\u00e9 locale, Massage Experts est n\u00e9 de la conviction&hellip;<\/p>\n","protected":false},"author":1,"featured_media":0,"parent":0,"menu_order":0,"comment_status":"closed","ping_status":"closed","template":"","meta":{"footnotes":""},"class_list":["post-24377","page","type-page","status-publish","hentry"],"_links":{"self":[{"href":"https:\/\/massagenearby.ca\/fr\/wp-json\/wp\/v2\/pages\/24377","targetHints":{"allow":["GET"]}}],"collection":[{"href":"https:\/\/massagenearby.ca\/fr\/wp-json\/wp\/v2\/pages"}],"about":[{"href":"https:\/\/massagenearby.ca\/fr\/wp-json\/wp\/v2\/types\/page"}],"author":[{"embeddable":true,"href":"https:\/\/massagenearby.ca\/fr\/wp-json\/wp\/v2\/users\/1"}],"replies":[{"embeddable":true,"href":"https:\/\/massagenearby.ca\/fr\/wp-json\/wp\/v2\/comments?post=24377"}],"version-history":[{"count":1,"href":"https:\/\/massagenearby.ca\/fr\/wp-json\/wp\/v2\/pages\/24377\/revisions"}],"predecessor-version":[{"id":24378,"href":"https:\/\/massagenearby.ca\/fr\/wp-json\/wp\/v2\/pages\/24377\/revisions\/24378"}],"wp:attachment":[{"href":"https:\/\/massagenearby.ca\/fr\/wp-json\/wp\/v2\/media?parent=24377"}],"curies":[{"name":"wp","href":"https:\/\/api.w.org\/{rel}","templated":true}]}}