{"id":24254,"date":"2025-04-15T02:08:27","date_gmt":"2025-04-15T02:08:27","guid":{"rendered":"https:\/\/massagenearby.ca\/assurance\/"},"modified":"2025-05-19T22:50:51","modified_gmt":"2025-05-19T22:50:51","slug":"assurance","status":"publish","type":"page","link":"https:\/\/massagenearby.ca\/fr\/assurance\/","title":{"rendered":"Assurance"},"content":{"rendered":"\t\t<div data-elementor-type=\"wp-page\" data-elementor-id=\"24254\" class=\"elementor elementor-24254 elementor-22877\" data-elementor-post-type=\"page\">\n\t\t\t\t\t\t<section class=\"elementor-section elementor-top-section elementor-element elementor-element-3118ecb8 elementor-section-boxed elementor-section-height-default elementor-section-height-default sc_fly_static\" data-id=\"3118ecb8\" data-element_type=\"section\" data-settings=\"{&quot;background_background&quot;:&quot;classic&quot;}\">\n\t\t\t\t\t\t\t<div class=\"elementor-background-overlay\"><\/div>\n\t\t\t\t\t\t\t<div class=\"elementor-container elementor-column-gap-no\">\n\t\t\t\t\t<div class=\"elementor-column elementor-col-100 elementor-top-column elementor-element elementor-element-2689e95d sc_content_align_inherit sc_layouts_column_icons_position_left sc_fly_static\" data-id=\"2689e95d\" data-element_type=\"column\">\n\t\t\t<div class=\"elementor-widget-wrap elementor-element-populated\">\n\t\t\t\t\t\t<section class=\"elementor-section elementor-inner-section elementor-element elementor-element-fdd7d40 elementor-section-boxed elementor-section-height-default elementor-section-height-default sc_fly_static\" data-id=\"fdd7d40\" data-element_type=\"section\">\n\t\t\t\t\t\t<div class=\"elementor-container elementor-column-gap-extended\">\n\t\t\t\t\t<div class=\"elementor-column elementor-col-100 elementor-inner-column elementor-element elementor-element-2b0ade7d sc_content_align_inherit sc_layouts_column_icons_position_left sc_fly_static\" data-id=\"2b0ade7d\" data-element_type=\"column\">\n\t\t\t<div class=\"elementor-widget-wrap elementor-element-populated\">\n\t\t\t\t\t\t<div class=\"elementor-element elementor-element-7e288ec sc_fly_static elementor-widget elementor-widget-elementskit-heading\" data-id=\"7e288ec\" data-element_type=\"widget\" data-widget_type=\"elementskit-heading.default\">\n\t\t\t\t<div class=\"elementor-widget-container\">\n\t\t\t\t\t<div class=\"ekit-wid-con\" ><div class=\"ekit-heading elementskit-section-title-wraper text_center   ekit_heading_tablet-   ekit_heading_mobile-\"><span class=\"elementskit-section-subtitle  elementskit-style-border\">\n\t\t\t\t\t\tMassage Experts\n\t\t\t\t\t<\/span><h2 class=\"ekit-heading--title elementskit-section-title \">Re\u00e7us d\u2019assurance !<\/h2><\/div><\/div>\t\t\t\t<\/div>\n\t\t\t\t<\/div>\n\t\t\t\t\t<\/div>\n\t\t<\/div>\n\t\t\t\t\t<\/div>\n\t\t<\/section>\n\t\t\t\t\t<\/div>\n\t\t<\/div>\n\t\t\t\t\t<\/div>\n\t\t<\/section>\n\t\t\t\t<section class=\"elementor-section elementor-top-section elementor-element elementor-element-736ec5dc elementor-section-boxed elementor-section-height-default elementor-section-height-default sc_fly_static\" data-id=\"736ec5dc\" data-element_type=\"section\">\n\t\t\t\t\t\t<div class=\"elementor-container elementor-column-gap-extended\">\n\t\t\t\t\t<div class=\"elementor-column elementor-col-16 elementor-top-column elementor-element elementor-element-db5526c sc_content_align_inherit sc_layouts_column_icons_position_left sc_fly_static\" data-id=\"db5526c\" data-element_type=\"column\">\n\t\t\t<div class=\"elementor-widget-wrap\">\n\t\t\t\t\t\t\t<\/div>\n\t\t<\/div>\n\t\t\t\t<div class=\"elementor-column elementor-col-66 elementor-top-column elementor-element elementor-element-311e6b7f sc_content_align_inherit sc_layouts_column_icons_position_left sc_fly_static\" data-id=\"311e6b7f\" data-element_type=\"column\">\n\t\t\t<div class=\"elementor-widget-wrap elementor-element-populated\">\n\t\t\t\t\t\t<div class=\"elementor-element elementor-element-994b2b6 sc_fly_static elementor-widget elementor-widget-text-editor\" data-id=\"994b2b6\" data-element_type=\"widget\" data-widget_type=\"text-editor.default\">\n\t\t\t\t<div class=\"elementor-widget-container\">\n\t\t\t\t\t\t\t\t\t<p><strong>Massage Experts aide \u00e0 soulager la tension musculaire et le stress financier !&nbsp;<\/strong><strong>Nous offrons des re\u00e7us d\u2019assurance pour votre service de massage th\u00e9rapeutique !<\/strong><\/p>\n<p>Des prestations d\u2019assurance sont disponibles dans le cadre de plusieurs r\u00e9gimes collectifs. Nos massoth\u00e9rapeutes autoris\u00e9s r\u00e9pondent aux exigences des associations provinciales reconnues, ce qui nous permet de vous fournir des re\u00e7us d\u2019assurance pour vos visites. Votre s\u00e9ance de massoth\u00e9rapie, combin\u00e9e \u00e0 vos prestations d\u2019assurance, peut ainsi co\u00fbter moins cher qu\u2019un latte venti quotidien !    <\/p>\n<p><strong>Les prestations d\u2019assurance <\/strong>sont disponibles dans le cadre de plusieurs r\u00e9gimes collectifs. Puisque nous proposons des massoth\u00e9rapeutes agr\u00e9\u00e9s r\u00e9pondant aux exigences des associations provinciales reconnues, nous pouvons vous fournir des re\u00e7us d\u2019assurance pour vos visites. Votre s\u00e9ance de massage, combin\u00e9e \u00e0 vos prestations d\u2019assurance, peut co\u00fbter moins cher qu\u2019un latte venti quotidien !  &nbsp;<strong>De nombreuses polices d\u2019assurance couvrent de 80 % \u00e0 100 % du co\u00fbt par s\u00e9ance.<\/strong><\/p>\n<p>Chaque police d\u2019assurance est diff\u00e9rente ; certaines pr\u00e9voient un remboursement, d\u2019autres non. Certaines exigent une note du m\u00e9decin, d\u2019autres non. Il vous appartient de v\u00e9rifier ces informations aupr\u00e8s de votre employeur ou de votre assureur avant de supposer que la massoth\u00e9rapie est couverte par votre r\u00e9gime.  <\/p>\n<p><strong>Pour conna\u00eetre vos prestations, contactez votre fournisseur d\u2019assurance :<\/strong><\/p>\n<ul class=\"wp-block-list\">\n<li>Blue Cross (www.bluecross.ca)<\/li>\n<li>Canada Life (1-800-957-9777)<\/li>\n<li>R\u00e9gime d\u2019assurance collective de la Chambre de commerce (1-800-665-3365)<\/li>\n<li>CINUP (1-800-665-1234)<\/li>\n<li>Co-operators Group Ltd. (1-800-265-2662)<\/li>\n<li>Cowan (1-888-509-7797)<\/li>\n<li>Desjardins (1-800-463-7843) **<\/li>\n<li>Equitable Life of Canada ( 1-800-265-4556)<\/li>\n<li>First Canadian Insurance Corporation (1-800-561-3242)<\/li>\n<li>Green Shield Canada (1-888-711-1119)<\/li>\n<li>Industrial Alliance Insurance (1-877-422-6487)<\/li>\n<li>Johnson Inc. (1-866-773-5467)<\/li>\n<li>Johnston Group (1-800-893-7587)<\/li>\n<li>Manion (1-800-263-5621)<\/li>\n<li>Manulife (1-866-407-7878) ***<\/li>\n<li>Maximum Benefit (1-800-893-7587)<\/li>\n<li>NexgenRx (1-866-424-0257)<\/li>\n<li>SSQ Insurance (1-888-651-8181)<\/li>\n<li>Standard Life (1-800-499-4415)<\/li>\n<li>Sun Life Financial (1-855-301-4786)<\/li>\n<\/ul>\n<p><strong>Vous voudrez demander \u00e0 votre assureur ou \u00e0 votre employeur :<\/strong><\/p>\n<ul class=\"wp-block-list\">\n<li>\u00c0 quel montant \u00eates-vous couvert chaque ann\u00e9e ?<\/li>\n<li>Existe-t-il une franchise dont vous devriez \u00eatre inform\u00e9 ?<\/li>\n<li>Quel montant \u00eates-vous couvert par s\u00e9ance ?<\/li>\n<li>Avez-vous besoin d\u2019une note annuelle de votre m\u00e9decin ?<\/li>\n<li>Votre r\u00e9gime offre-t-il la facturation directe ou devez-vous soumettre vous-m\u00eame les re\u00e7us ?<\/li>\n<\/ul>\n<p><strong>Veuillez noter :<\/strong><\/p>\n<ul class=\"wp-block-list\">\n<li><b>Il est de votre responsabilit\u00e9 de conna\u00eetre le montant de couverture disponible et de suivre vos soldes. En raison de la confidentialit\u00e9, les compagnies d\u2019assurance ne nous communiquent pas vos soldes. <\/b><\/li>\n<li><b>Nous ne pouvons pas v\u00e9rifier les soldes, relev\u00e9s, plafonds ou modalit\u00e9s de votre r\u00e9gime d\u2019avantages.<\/b><\/li>\n<\/ul>\t\t\t\t\t\t\t\t<\/div>\n\t\t\t\t<\/div>\n\t\t\t\t<div class=\"elementor-element elementor-element-6a468ea3 sc_height_small sc_fly_static elementor-widget elementor-widget-spacer\" data-id=\"6a468ea3\" data-element_type=\"widget\" data-widget_type=\"spacer.default\">\n\t\t\t\t<div class=\"elementor-widget-container\">\n\t\t\t\t\t\t\t<div class=\"elementor-spacer\">\n\t\t\t<div class=\"elementor-spacer-inner\"><\/div>\n\t\t<\/div>\n\t\t\t\t\t\t<\/div>\n\t\t\t\t<\/div>\n\t\t\t\t\t<\/div>\n\t\t<\/div>\n\t\t\t\t<div class=\"elementor-column elementor-col-16 elementor-top-column elementor-element elementor-element-3d01bf01 sc_content_align_inherit sc_layouts_column_icons_position_left sc_fly_static\" data-id=\"3d01bf01\" data-element_type=\"column\">\n\t\t\t<div class=\"elementor-widget-wrap\">\n\t\t\t\t\t\t\t<\/div>\n\t\t<\/div>\n\t\t\t\t\t<\/div>\n\t\t<\/section>\n\t\t\t\t<section class=\"elementor-section elementor-top-section elementor-element elementor-element-6de2536e elementor-section-boxed elementor-section-height-default elementor-section-height-default sc_fly_static\" data-id=\"6de2536e\" data-element_type=\"section\">\n\t\t\t\t\t\t<div class=\"elementor-container elementor-column-gap-extended\">\n\t\t\t\t\t<div class=\"elementor-column elementor-col-100 elementor-top-column elementor-element elementor-element-12601971 sc_content_align_inherit sc_layouts_column_icons_position_left sc_fly_static\" data-id=\"12601971\" data-element_type=\"column\">\n\t\t\t<div class=\"elementor-widget-wrap elementor-element-populated\">\n\t\t\t\t\t\t<div class=\"elementor-element elementor-element-6ca08d1e sc_fly_static elementor-widget elementor-widget-trx_sc_button\" data-id=\"6ca08d1e\" data-element_type=\"widget\" data-widget_type=\"trx_sc_button.default\">\n\t\t\t\t<div class=\"elementor-widget-container\">\n\t\t\t\t\t<div\tclass=\"sc_item_button sc_button_wrap sc_align_center\" ><a href=\"https:\/\/go.booker.com\/location\/MExCartierville\/service-menu?campaign=ppc_google_mn_landing_page&#038;source=web_direct\" class=\"sc_button sc_button_modern sc_button_size_normal sc_button_icon_left\" target=\"_blank\" rel=\"noopener\"><span class=\"sc_button_text\"><span class=\"sc_button_title_first\">Prendre rendez-vous<\/span><span class=\"sc_button_title_second\">Prendre rendez-vous<\/span><\/span><\/a><\/div>\t\t\t\t<\/div>\n\t\t\t\t<\/div>\n\t\t\t\t\t<\/div>\n\t\t<\/div>\n\t\t\t\t\t<\/div>\n\t\t<\/section>\n\t\t\t\t<section class=\"elementor-section elementor-top-section elementor-element elementor-element-6079de9b scheme_dark elementor-section-boxed elementor-section-height-default elementor-section-height-default sc_fly_static\" data-id=\"6079de9b\" data-element_type=\"section\" data-settings=\"{&quot;background_background&quot;:&quot;classic&quot;}\">\n\t\t\t\t\t\t\t<div class=\"elementor-background-overlay\"><\/div>\n\t\t\t\t\t\t\t<div class=\"elementor-container elementor-column-gap-extended\">\n\t\t\t\t\t<div class=\"elementor-column elementor-col-100 elementor-top-column elementor-element elementor-element-c97fd9b sc_content_align_inherit sc_layouts_column_icons_position_left sc_fly_static\" data-id=\"c97fd9b\" data-element_type=\"column\">\n\t\t\t<div class=\"elementor-widget-wrap elementor-element-populated\">\n\t\t\t\t\t\t<div class=\"elementor-element elementor-element-44919e85 sc_height_huge sc_fly_static elementor-widget elementor-widget-spacer\" data-id=\"44919e85\" data-element_type=\"widget\" data-widget_type=\"spacer.default\">\n\t\t\t\t<div class=\"elementor-widget-container\">\n\t\t\t\t\t\t\t<div class=\"elementor-spacer\">\n\t\t\t<div class=\"elementor-spacer-inner\"><\/div>\n\t\t<\/div>\n\t\t\t\t\t\t<\/div>\n\t\t\t\t<\/div>\n\t\t\t\t<div class=\"elementor-element elementor-element-6d8a76f8 sc_height_medium sc_fly_static elementor-widget elementor-widget-spacer\" data-id=\"6d8a76f8\" data-element_type=\"widget\" data-widget_type=\"spacer.default\">\n\t\t\t\t<div class=\"elementor-widget-container\">\n\t\t\t\t\t\t\t<div class=\"elementor-spacer\">\n\t\t\t<div class=\"elementor-spacer-inner\"><\/div>\n\t\t<\/div>\n\t\t\t\t\t\t<\/div>\n\t\t\t\t<\/div>\n\t\t\t\t<div class=\"elementor-element elementor-element-43aaa879 sc_fly_static elementor-widget elementor-widget-trx_sc_title\" data-id=\"43aaa879\" data-element_type=\"widget\" data-widget_type=\"trx_sc_title.default\">\n\t\t\t\t<div class=\"elementor-widget-container\">\n\t\t\t\t\t<div\t\tclass=\"sc_title sc_title_decoration\" ><span class=\"sc_item_subtitle sc_title_subtitle sc_align_center sc_item_subtitle_above sc_item_title_style_decoration\">Notre offre sp\u00e9ciale<\/span><h1 class=\"sc_item_title sc_title_title sc_align_center sc_item_title_style_decoration sc_item_title_tag\"\n\t\t\t><span class=\"sc_item_title_text\">Vous m\u00e9ritez ce moment<\/span><\/h1><\/div>\t\t\t\t<\/div>\n\t\t\t\t<\/div>\n\t\t\t\t<div class=\"elementor-element elementor-element-650111b0 sc_fly_static elementor-widget elementor-widget-spacer\" data-id=\"650111b0\" data-element_type=\"widget\" data-widget_type=\"spacer.default\">\n\t\t\t\t<div class=\"elementor-widget-container\">\n\t\t\t\t\t\t\t<div class=\"elementor-spacer\">\n\t\t\t<div class=\"elementor-spacer-inner\"><\/div>\n\t\t<\/div>\n\t\t\t\t\t\t<\/div>\n\t\t\t\t<\/div>\n\t\t\t\t<div class=\"elementor-element elementor-element-286a6260 sc_fly_static elementor-widget elementor-widget-trx_sc_button\" data-id=\"286a6260\" data-element_type=\"widget\" data-widget_type=\"trx_sc_button.default\">\n\t\t\t\t<div class=\"elementor-widget-container\">\n\t\t\t\t\t<div\tclass=\"sc_item_button sc_button_wrap sc_align_center\" ><a href=\"https:\/\/go.booker.com\/location\/MExCartierville\/service-menu?campaign=ppc_google_mn_landing_page&#038;source=web_direct\" class=\"sc_button sc_button_modern sc_button_size_normal sc_button_icon_left\" target=\"_blank\" rel=\"noopener\"><span class=\"sc_button_text\"><span class=\"sc_button_title_first\">Prendre rendez-vous<\/span><span class=\"sc_button_title_second\">Prendre rendez-vous<\/span><\/span><\/a><\/div>\t\t\t\t<\/div>\n\t\t\t\t<\/div>\n\t\t\t\t<div class=\"elementor-element elementor-element-6d338616 sc_height_huge sc_fly_static elementor-widget elementor-widget-spacer\" data-id=\"6d338616\" data-element_type=\"widget\" data-widget_type=\"spacer.default\">\n\t\t\t\t<div class=\"elementor-widget-container\">\n\t\t\t\t\t\t\t<div class=\"elementor-spacer\">\n\t\t\t<div class=\"elementor-spacer-inner\"><\/div>\n\t\t<\/div>\n\t\t\t\t\t\t<\/div>\n\t\t\t\t<\/div>\n\t\t\t\t<div class=\"elementor-element elementor-element-7e540b8e sc_height_medium sc_fly_static elementor-widget elementor-widget-spacer\" data-id=\"7e540b8e\" data-element_type=\"widget\" data-widget_type=\"spacer.default\">\n\t\t\t\t<div class=\"elementor-widget-container\">\n\t\t\t\t\t\t\t<div class=\"elementor-spacer\">\n\t\t\t<div class=\"elementor-spacer-inner\"><\/div>\n\t\t<\/div>\n\t\t\t\t\t\t<\/div>\n\t\t\t\t<\/div>\n\t\t\t\t\t<\/div>\n\t\t<\/div>\n\t\t\t\t\t<\/div>\n\t\t<\/section>\n\t\t\t\t<\/div>\n\t\t","protected":false},"excerpt":{"rendered":"<p>Massage Experts Re\u00e7us d\u2019assurance ! Massage Experts aide \u00e0 soulager la tension musculaire et le stress financier !&nbsp;Nous offrons des re\u00e7us d\u2019assurance pour votre service de massage th\u00e9rapeutique ! Des&hellip;<\/p>\n","protected":false},"author":1,"featured_media":0,"parent":0,"menu_order":0,"comment_status":"closed","ping_status":"closed","template":"","meta":{"footnotes":""},"class_list":["post-24254","page","type-page","status-publish","hentry"],"_links":{"self":[{"href":"https:\/\/massagenearby.ca\/fr\/wp-json\/wp\/v2\/pages\/24254","targetHints":{"allow":["GET"]}}],"collection":[{"href":"https:\/\/massagenearby.ca\/fr\/wp-json\/wp\/v2\/pages"}],"about":[{"href":"https:\/\/massagenearby.ca\/fr\/wp-json\/wp\/v2\/types\/page"}],"author":[{"embeddable":true,"href":"https:\/\/massagenearby.ca\/fr\/wp-json\/wp\/v2\/users\/1"}],"replies":[{"embeddable":true,"href":"https:\/\/massagenearby.ca\/fr\/wp-json\/wp\/v2\/comments?post=24254"}],"version-history":[{"count":5,"href":"https:\/\/massagenearby.ca\/fr\/wp-json\/wp\/v2\/pages\/24254\/revisions"}],"predecessor-version":[{"id":24268,"href":"https:\/\/massagenearby.ca\/fr\/wp-json\/wp\/v2\/pages\/24254\/revisions\/24268"}],"wp:attachment":[{"href":"https:\/\/massagenearby.ca\/fr\/wp-json\/wp\/v2\/media?parent=24254"}],"curies":[{"name":"wp","href":"https:\/\/api.w.org\/{rel}","templated":true}]}}