{"id":24253,"date":"2025-04-15T02:08:48","date_gmt":"2025-04-15T02:08:48","guid":{"rendered":"https:\/\/massagenearby.ca\/bien-etre-en-entreprise\/"},"modified":"2025-05-19T22:53:21","modified_gmt":"2025-05-19T22:53:21","slug":"bien-etre-en-entreprise","status":"publish","type":"page","link":"https:\/\/massagenearby.ca\/fr\/bien-etre-en-entreprise\/","title":{"rendered":"Bien-\u00eatre en entreprise"},"content":{"rendered":"\t\t<div data-elementor-type=\"wp-page\" data-elementor-id=\"24253\" class=\"elementor elementor-24253 elementor-22879\" data-elementor-post-type=\"page\">\n\t\t\t\t\t\t<section class=\"elementor-section elementor-top-section elementor-element elementor-element-5aeded elementor-section-boxed elementor-section-height-default elementor-section-height-default sc_fly_static\" data-id=\"5aeded\" data-element_type=\"section\" data-settings=\"{&quot;background_background&quot;:&quot;classic&quot;}\">\n\t\t\t\t\t\t\t<div class=\"elementor-background-overlay\"><\/div>\n\t\t\t\t\t\t\t<div class=\"elementor-container elementor-column-gap-no\">\n\t\t\t\t\t<div class=\"elementor-column elementor-col-100 elementor-top-column elementor-element elementor-element-3c34a9f6 sc_content_align_inherit sc_layouts_column_icons_position_left sc_fly_static\" data-id=\"3c34a9f6\" data-element_type=\"column\">\n\t\t\t<div class=\"elementor-widget-wrap elementor-element-populated\">\n\t\t\t\t\t\t<section class=\"elementor-section elementor-inner-section elementor-element elementor-element-417d6af7 elementor-section-boxed elementor-section-height-default elementor-section-height-default sc_fly_static\" data-id=\"417d6af7\" data-element_type=\"section\">\n\t\t\t\t\t\t<div class=\"elementor-container elementor-column-gap-extended\">\n\t\t\t\t\t<div class=\"elementor-column elementor-col-100 elementor-inner-column elementor-element elementor-element-258a9ba5 sc_content_align_inherit sc_layouts_column_icons_position_left sc_fly_static\" data-id=\"258a9ba5\" data-element_type=\"column\">\n\t\t\t<div class=\"elementor-widget-wrap elementor-element-populated\">\n\t\t\t\t\t\t<div class=\"elementor-element elementor-element-15b3cd2d sc_fly_static elementor-widget elementor-widget-elementskit-heading\" data-id=\"15b3cd2d\" data-element_type=\"widget\" data-widget_type=\"elementskit-heading.default\">\n\t\t\t\t<div class=\"elementor-widget-container\">\n\t\t\t\t\t<div class=\"ekit-wid-con\" ><div class=\"ekit-heading elementskit-section-title-wraper text_center   ekit_heading_tablet-   ekit_heading_mobile-\"><span class=\"elementskit-section-subtitle  elementskit-style-border\">\n\t\t\t\t\t\tMassage Experts\n\t\t\t\t\t<\/span><h2 class=\"ekit-heading--title elementskit-section-title \">Bien-\u00eatre en entreprise<\/h2><\/div><\/div>\t\t\t\t<\/div>\n\t\t\t\t<\/div>\n\t\t\t\t\t<\/div>\n\t\t<\/div>\n\t\t\t\t\t<\/div>\n\t\t<\/section>\n\t\t\t\t\t<\/div>\n\t\t<\/div>\n\t\t\t\t\t<\/div>\n\t\t<\/section>\n\t\t\t\t<section class=\"elementor-section elementor-top-section elementor-element elementor-element-235d570f elementor-section-boxed elementor-section-height-default elementor-section-height-default sc_fly_static\" data-id=\"235d570f\" data-element_type=\"section\">\n\t\t\t\t\t\t<div class=\"elementor-container elementor-column-gap-extended\">\n\t\t\t\t\t<div class=\"elementor-column elementor-col-16 elementor-top-column elementor-element elementor-element-56ea3ac8 sc_content_align_inherit sc_layouts_column_icons_position_left sc_fly_static\" data-id=\"56ea3ac8\" data-element_type=\"column\">\n\t\t\t<div class=\"elementor-widget-wrap\">\n\t\t\t\t\t\t\t<\/div>\n\t\t<\/div>\n\t\t\t\t<div class=\"elementor-column elementor-col-66 elementor-top-column elementor-element elementor-element-761634a6 sc_content_align_inherit sc_layouts_column_icons_position_left sc_fly_static\" data-id=\"761634a6\" data-element_type=\"column\">\n\t\t\t<div class=\"elementor-widget-wrap elementor-element-populated\">\n\t\t\t\t\t\t<div class=\"elementor-element elementor-element-3f230768 sc_fly_static elementor-widget elementor-widget-trx_sc_title\" data-id=\"3f230768\" data-element_type=\"widget\" data-widget_type=\"trx_sc_title.default\">\n\t\t\t\t<div class=\"elementor-widget-container\">\n\t\t\t\t\t<div\t\tclass=\"sc_title sc_title_decoration\" ><span class=\"sc_item_subtitle sc_title_subtitle sc_align_center sc_item_subtitle_above sc_item_title_style_decoration\">Nous offrons<\/span><\/div>\t\t\t\t<\/div>\n\t\t\t\t<\/div>\n\t\t\t\t<div class=\"elementor-element elementor-element-736b1d4 sc_fly_static elementor-widget elementor-widget-text-editor\" data-id=\"736b1d4\" data-element_type=\"widget\" data-widget_type=\"text-editor.default\">\n\t\t\t\t<div class=\"elementor-widget-container\">\n\t\t\t\t\t\t\t\t\t<h4 class=\"wp-block-heading\">Int\u00e9grez le bien-\u00eatre \u00e0 votre culture d\u2019entreprise gr\u00e2ce \u00e0 une visite de Massage Experts !<\/h4><p>De nombreux employ\u00e9s passent jusqu\u2019\u00e0 60 % ou plus de leur temps d\u2019\u00e9veil sur leur lieu de travail. Des journ\u00e9es bien remplies et effr\u00e9n\u00e9es exercent une forte pression sur vos \u00e9quipes, les privant de meilleures habitudes de sant\u00e9, de bien-\u00eatre et d\u2019autosoins. Faites intervenir Massage Experts dans votre entreprise ou lors de votre \u00e9v\u00e9nement avec nos massoth\u00e9rapeutes agr\u00e9\u00e9s (RMT). Planifiez vos s\u00e9ances selon un nombre fixe de participants ou d\u2019inscriptions, ou laissez vos employ\u00e9s venir librement profiter d\u2019un soin. Les s\u00e9ances peuvent durer 5 minutes, 15 minutes ou jusqu\u2019\u00e0 une heure compl\u00e8te par personne. Parce que nos fauteuils et tables de massage sont portables, nous offrons une grande flexibilit\u00e9 quant au lieu d\u2019intervention. Les soins peuvent se d\u00e9rouler directement dans les espaces communs de bureau ou dans une salle priv\u00e9e si disponible sur votre site. Vos employ\u00e9s retrouveront une \u00e9nergie renouvel\u00e9e, favorisant une hausse de la productivit\u00e9.       <\/p><p><strong>Statistique Canada r\u00e9v\u00e8le que 83 % des entreprises consid\u00e8rent le stress comme leur principal risque pour la sant\u00e9. Des recherches d\u00e9montrent que la massoth\u00e9rapie peut aider \u00e0 att\u00e9nuer le stress li\u00e9 au travail ainsi qu\u2019\u00e0 renforcer l\u2019immunit\u00e9 contre de nombreuses maladies. <\/strong><\/p><div class=\"mex-check-list-block-container\"><ul><li class=\"list-item \"> \u00c9v\u00e9nements de bien-\u00eatre en entreprise<\/li><li class=\"list-item \"> Massage sur chaise mobile<\/li><li class=\"list-item \"> Massage mobile en bureau et lors d\u2019\u00e9v\u00e9nements<\/li><li class=\"list-item \"> Journ\u00e9es de reconnaissance des employ\u00e9s<\/li><li class=\"list-item \"> Ateliers de gestion du stress<\/li><li class=\"list-item \"> \u00c9v\u00e9nements nationaux de bien-\u00eatre en entreprise<\/li><li class=\"list-item \"> \u2026 et plus encore !<\/li><\/ul><\/div><p>Aidez \u00e0 r\u00e9duire les douleurs aux \u00e9paules, au cou et au dos, soulager les maux de t\u00eate chroniques, la fatigue, voire att\u00e9nuer certains sympt\u00f4mes du syndrome du canal carpien. Profitez de nos services ponctuellement selon vos besoins ou lors d\u2019\u00e9v\u00e9nements, ou contactez-nous pour des interventions r\u00e9guli\u00e8res, comme une fois par semaine, une fois par mois, ou \u00e0 toute autre fr\u00e9quence et dur\u00e9e selon vos besoins individuels. <\/p><div class=\"mex-check-list-block-container\"><ul><li class=\"list-item \"> R\u00e9duisez le stress et les effets viraux qu\u2019il peut provoquer en milieu de travail<\/li><li class=\"list-item \"> Favorisez une plus grande reconnaissance et fid\u00e9lisation des employ\u00e9s, et renforcez le moral<\/li><li class=\"list-item \"> Diminuez les absences pour maladie li\u00e9es aux rhumes et autres affections courantes<\/li><li class=\"list-item \"> R\u00e9duisez le taux de roulement de votre personnel<\/li><li class=\"list-item \"> Diminuez le stress et l\u2019absent\u00e9isme pour raisons de sant\u00e9<\/li><li class=\"list-item \"> Combattez la fatigue li\u00e9e au travail<\/li><li class=\"list-item \"> Aidez vos employ\u00e9s \u00e0 renforcer leur syst\u00e8me immunitaire contre les virus courants<\/li><li class=\"list-item \"> Am\u00e9liorez la capacit\u00e9 de r\u00e9solution de probl\u00e8mes de vos gestionnaires et de votre \u00e9quipe<\/li><\/ul><\/div><p>Quel que soit le talent au sein de votre entreprise, personne ne peut fonctionner \u00e0 plein r\u00e9gime et atteindre les objectifs \u00e9lev\u00e9s d\u2019aujourd\u2019hui lorsqu\u2019il est confront\u00e9 \u00e0 la douleur et \u00e0 l\u2019inconfort. La douleur, le stress et la n\u00e9gligence personnelle s\u2019accumulent et peuvent co\u00fbter des millions par an en perte de productivit\u00e9 pour les grandes entreprises. Certaines solutions sont sous nos yeux et naturelles, comme une routine mensuelle de massoth\u00e9rapie. Vous souhaitez BOOSTER le moral de vos employ\u00e9s ? Parlez-nous de l\u2019achat de certificats-cadeaux en gros pour votre bureau et offrez-les \u00e0 votre personnel m\u00e9ritant lors de vos occasions sp\u00e9ciales.    <\/p><p>Augmentez la r\u00e9tention et l\u2019engagement des employ\u00e9s, boostez le moral au bureau et faites appel aux Experts ! R\u00e9duisez la douleur\u2026 et augmentez la productivit\u00e9 de votre milieu de travail ! <\/p><p>Contactez-nous pour plus de d\u00e9tails et nos tarifs. Massage Experts peut \u00e9galement intervenir lors de conventions et conf\u00e9rences, tournois, salons de la sant\u00e9, salons professionnels, \u00e9v\u00e9nements corporatifs priv\u00e9s, et plus encore. <\/p><p><strong>Bien que nous nous efforcions d\u2019offrir ces services, leur disponibilit\u00e9 peut \u00eatre limit\u00e9e pour diverses raisons. Chaque clinique peut avoir des capacit\u00e9s diff\u00e9rentes et ne pas disposer d\u2019un massoth\u00e9rapeute. Veuillez appeler la clinique pour plus de d\u00e9tails.  <\/strong><\/p><p><sub>Un minimum de 4 heures est requis par massoth\u00e9rapeute agr\u00e9\u00e9.<\/sub><\/p>\t\t\t\t\t\t\t\t<\/div>\n\t\t\t\t<\/div>\n\t\t\t\t<div class=\"elementor-element elementor-element-45629c61 sc_height_small sc_fly_static elementor-widget elementor-widget-spacer\" data-id=\"45629c61\" data-element_type=\"widget\" data-widget_type=\"spacer.default\">\n\t\t\t\t<div class=\"elementor-widget-container\">\n\t\t\t\t\t\t\t<div class=\"elementor-spacer\">\n\t\t\t<div class=\"elementor-spacer-inner\"><\/div>\n\t\t<\/div>\n\t\t\t\t\t\t<\/div>\n\t\t\t\t<\/div>\n\t\t\t\t\t<\/div>\n\t\t<\/div>\n\t\t\t\t<div class=\"elementor-column elementor-col-16 elementor-top-column elementor-element elementor-element-5305a0ab sc_content_align_inherit sc_layouts_column_icons_position_left sc_fly_static\" data-id=\"5305a0ab\" data-element_type=\"column\">\n\t\t\t<div class=\"elementor-widget-wrap\">\n\t\t\t\t\t\t\t<\/div>\n\t\t<\/div>\n\t\t\t\t\t<\/div>\n\t\t<\/section>\n\t\t\t\t<section class=\"elementor-section elementor-top-section elementor-element elementor-element-487caa74 elementor-section-boxed elementor-section-height-default elementor-section-height-default sc_fly_static\" data-id=\"487caa74\" data-element_type=\"section\">\n\t\t\t\t\t\t<div class=\"elementor-container elementor-column-gap-extended\">\n\t\t\t\t\t<div class=\"elementor-column elementor-col-100 elementor-top-column elementor-element elementor-element-97530a5 sc_content_align_inherit sc_layouts_column_icons_position_left sc_fly_static\" data-id=\"97530a5\" data-element_type=\"column\">\n\t\t\t<div class=\"elementor-widget-wrap elementor-element-populated\">\n\t\t\t\t\t\t<div class=\"elementor-element elementor-element-b9ce7b8 sc_fly_static elementor-widget elementor-widget-trx_sc_button\" data-id=\"b9ce7b8\" data-element_type=\"widget\" data-widget_type=\"trx_sc_button.default\">\n\t\t\t\t<div class=\"elementor-widget-container\">\n\t\t\t\t\t<div\tclass=\"sc_item_button sc_button_wrap sc_align_center\" ><a href=\"https:\/\/go.booker.com\/location\/MExCartierville\/service-menu?campaign=ppc_google_mn_landing_page&#038;source=web_direct\" class=\"sc_button sc_button_modern sc_button_size_normal sc_button_icon_left\" target=\"_blank\" rel=\"noopener\"><span class=\"sc_button_text\"><span class=\"sc_button_title_first\">Prendre un rendez-vous<\/span><span class=\"sc_button_title_second\">Prendre un rendez-vous<\/span><\/span><\/a><\/div>\t\t\t\t<\/div>\n\t\t\t\t<\/div>\n\t\t\t\t\t<\/div>\n\t\t<\/div>\n\t\t\t\t\t<\/div>\n\t\t<\/section>\n\t\t\t\t<section class=\"elementor-section elementor-top-section elementor-element elementor-element-3c05d0ff scheme_dark elementor-section-boxed elementor-section-height-default elementor-section-height-default sc_fly_static\" data-id=\"3c05d0ff\" data-element_type=\"section\" data-settings=\"{&quot;background_background&quot;:&quot;classic&quot;}\">\n\t\t\t\t\t\t\t<div class=\"elementor-background-overlay\"><\/div>\n\t\t\t\t\t\t\t<div class=\"elementor-container elementor-column-gap-extended\">\n\t\t\t\t\t<div class=\"elementor-column elementor-col-100 elementor-top-column elementor-element elementor-element-69a93025 sc_content_align_inherit sc_layouts_column_icons_position_left sc_fly_static\" data-id=\"69a93025\" data-element_type=\"column\">\n\t\t\t<div class=\"elementor-widget-wrap elementor-element-populated\">\n\t\t\t\t\t\t<div class=\"elementor-element elementor-element-6704bb82 sc_height_huge sc_fly_static elementor-widget elementor-widget-spacer\" data-id=\"6704bb82\" data-element_type=\"widget\" data-widget_type=\"spacer.default\">\n\t\t\t\t<div class=\"elementor-widget-container\">\n\t\t\t\t\t\t\t<div class=\"elementor-spacer\">\n\t\t\t<div class=\"elementor-spacer-inner\"><\/div>\n\t\t<\/div>\n\t\t\t\t\t\t<\/div>\n\t\t\t\t<\/div>\n\t\t\t\t<div class=\"elementor-element elementor-element-324123f9 sc_height_medium sc_fly_static elementor-widget elementor-widget-spacer\" data-id=\"324123f9\" data-element_type=\"widget\" data-widget_type=\"spacer.default\">\n\t\t\t\t<div class=\"elementor-widget-container\">\n\t\t\t\t\t\t\t<div class=\"elementor-spacer\">\n\t\t\t<div class=\"elementor-spacer-inner\"><\/div>\n\t\t<\/div>\n\t\t\t\t\t\t<\/div>\n\t\t\t\t<\/div>\n\t\t\t\t<div class=\"elementor-element elementor-element-6b2b87fa sc_fly_static elementor-widget elementor-widget-trx_sc_title\" data-id=\"6b2b87fa\" data-element_type=\"widget\" data-widget_type=\"trx_sc_title.default\">\n\t\t\t\t<div class=\"elementor-widget-container\">\n\t\t\t\t\t<div\t\tclass=\"sc_title sc_title_decoration\" ><span class=\"sc_item_subtitle sc_title_subtitle sc_align_center sc_item_subtitle_above sc_item_title_style_decoration\">Nos offre sp\u00e9ciale<\/span><h1 class=\"sc_item_title sc_title_title sc_align_center sc_item_title_style_decoration sc_item_title_tag\"\n\t\t\t><span class=\"sc_item_title_text\">Vous m\u00e9ritez ce moment<\/span><\/h1><\/div>\t\t\t\t<\/div>\n\t\t\t\t<\/div>\n\t\t\t\t<div class=\"elementor-element elementor-element-223f16ac sc_fly_static elementor-widget elementor-widget-spacer\" data-id=\"223f16ac\" data-element_type=\"widget\" data-widget_type=\"spacer.default\">\n\t\t\t\t<div class=\"elementor-widget-container\">\n\t\t\t\t\t\t\t<div class=\"elementor-spacer\">\n\t\t\t<div class=\"elementor-spacer-inner\"><\/div>\n\t\t<\/div>\n\t\t\t\t\t\t<\/div>\n\t\t\t\t<\/div>\n\t\t\t\t<div class=\"elementor-element elementor-element-39332955 scheme_default sc_fly_static elementor-widget elementor-widget-trx_sc_button\" data-id=\"39332955\" data-element_type=\"widget\" data-widget_type=\"trx_sc_button.default\">\n\t\t\t\t<div class=\"elementor-widget-container\">\n\t\t\t\t\t<div\tclass=\"sc_item_button sc_button_wrap sc_align_center\" ><a href=\"https:\/\/go.booker.com\/location\/MExCartierville\/service-menu?campaign=ppc_google_mn_landing_page&#038;source=web_direct\" class=\"sc_button sc_button_modern sc_button_size_normal sc_button_icon_left\" target=\"_blank\" rel=\"noopener\"><span class=\"sc_button_text\"><span class=\"sc_button_title_first\">Prendre un rendez-vous<\/span><span class=\"sc_button_title_second\">Prendre un rendez-vous<\/span><\/span><\/a><\/div>\t\t\t\t<\/div>\n\t\t\t\t<\/div>\n\t\t\t\t<div class=\"elementor-element elementor-element-121e3870 sc_height_huge sc_fly_static elementor-widget elementor-widget-spacer\" data-id=\"121e3870\" data-element_type=\"widget\" data-widget_type=\"spacer.default\">\n\t\t\t\t<div class=\"elementor-widget-container\">\n\t\t\t\t\t\t\t<div class=\"elementor-spacer\">\n\t\t\t<div class=\"elementor-spacer-inner\"><\/div>\n\t\t<\/div>\n\t\t\t\t\t\t<\/div>\n\t\t\t\t<\/div>\n\t\t\t\t<div class=\"elementor-element elementor-element-68317a9b sc_height_medium sc_fly_static elementor-widget elementor-widget-spacer\" data-id=\"68317a9b\" data-element_type=\"widget\" data-widget_type=\"spacer.default\">\n\t\t\t\t<div class=\"elementor-widget-container\">\n\t\t\t\t\t\t\t<div class=\"elementor-spacer\">\n\t\t\t<div class=\"elementor-spacer-inner\"><\/div>\n\t\t<\/div>\n\t\t\t\t\t\t<\/div>\n\t\t\t\t<\/div>\n\t\t\t\t\t<\/div>\n\t\t<\/div>\n\t\t\t\t\t<\/div>\n\t\t<\/section>\n\t\t\t\t<\/div>\n\t\t","protected":false},"excerpt":{"rendered":"<p>Massage Experts Bien-\u00eatre en entreprise Nous offrons Int\u00e9grez le bien-\u00eatre \u00e0 votre culture d\u2019entreprise gr\u00e2ce \u00e0 une visite de Massage Experts ! De nombreux employ\u00e9s passent jusqu\u2019\u00e0 60 % ou&hellip;<\/p>\n","protected":false},"author":1,"featured_media":0,"parent":0,"menu_order":0,"comment_status":"closed","ping_status":"closed","template":"","meta":{"footnotes":""},"class_list":["post-24253","page","type-page","status-publish","hentry"],"_links":{"self":[{"href":"https:\/\/massagenearby.ca\/fr\/wp-json\/wp\/v2\/pages\/24253","targetHints":{"allow":["GET"]}}],"collection":[{"href":"https:\/\/massagenearby.ca\/fr\/wp-json\/wp\/v2\/pages"}],"about":[{"href":"https:\/\/massagenearby.ca\/fr\/wp-json\/wp\/v2\/types\/page"}],"author":[{"embeddable":true,"href":"https:\/\/massagenearby.ca\/fr\/wp-json\/wp\/v2\/users\/1"}],"replies":[{"embeddable":true,"href":"https:\/\/massagenearby.ca\/fr\/wp-json\/wp\/v2\/comments?post=24253"}],"version-history":[{"count":2,"href":"https:\/\/massagenearby.ca\/fr\/wp-json\/wp\/v2\/pages\/24253\/revisions"}],"predecessor-version":[{"id":24269,"href":"https:\/\/massagenearby.ca\/fr\/wp-json\/wp\/v2\/pages\/24253\/revisions\/24269"}],"wp:attachment":[{"href":"https:\/\/massagenearby.ca\/fr\/wp-json\/wp\/v2\/media?parent=24253"}],"curies":[{"name":"wp","href":"https:\/\/api.w.org\/{rel}","templated":true}]}}