{"id":24251,"date":"2025-04-15T02:09:44","date_gmt":"2025-04-15T02:09:44","guid":{"rendered":"https:\/\/massagenearby.ca\/reservations-de-groupe\/"},"modified":"2025-05-19T22:57:28","modified_gmt":"2025-05-19T22:57:28","slug":"reservations-de-groupe","status":"publish","type":"page","link":"https:\/\/massagenearby.ca\/fr\/reservations-de-groupe\/","title":{"rendered":"R\u00e9servations de groupe"},"content":{"rendered":"\t\t<div data-elementor-type=\"wp-page\" data-elementor-id=\"24251\" class=\"elementor elementor-24251 elementor-22881\" data-elementor-post-type=\"page\">\n\t\t\t\t\t\t<section class=\"elementor-section elementor-top-section elementor-element elementor-element-4282d8ff elementor-section-boxed elementor-section-height-default elementor-section-height-default sc_fly_static\" data-id=\"4282d8ff\" data-element_type=\"section\" data-settings=\"{&quot;background_background&quot;:&quot;classic&quot;}\">\n\t\t\t\t\t\t\t<div class=\"elementor-background-overlay\"><\/div>\n\t\t\t\t\t\t\t<div class=\"elementor-container elementor-column-gap-no\">\n\t\t\t\t\t<div class=\"elementor-column elementor-col-100 elementor-top-column elementor-element elementor-element-5ad8d76a sc_content_align_inherit sc_layouts_column_icons_position_left sc_fly_static\" data-id=\"5ad8d76a\" data-element_type=\"column\">\n\t\t\t<div class=\"elementor-widget-wrap elementor-element-populated\">\n\t\t\t\t\t\t<section class=\"elementor-section elementor-inner-section elementor-element elementor-element-7a4dae4e elementor-section-boxed elementor-section-height-default elementor-section-height-default sc_fly_static\" data-id=\"7a4dae4e\" data-element_type=\"section\">\n\t\t\t\t\t\t<div class=\"elementor-container elementor-column-gap-extended\">\n\t\t\t\t\t<div class=\"elementor-column elementor-col-100 elementor-inner-column elementor-element elementor-element-22da2d82 sc_content_align_inherit sc_layouts_column_icons_position_left sc_fly_static\" data-id=\"22da2d82\" data-element_type=\"column\">\n\t\t\t<div class=\"elementor-widget-wrap elementor-element-populated\">\n\t\t\t\t\t\t<div class=\"elementor-element elementor-element-69775a85 sc_fly_static elementor-widget elementor-widget-elementskit-heading\" data-id=\"69775a85\" data-element_type=\"widget\" data-widget_type=\"elementskit-heading.default\">\n\t\t\t\t<div class=\"elementor-widget-container\">\n\t\t\t\t\t<div class=\"ekit-wid-con\" ><div class=\"ekit-heading elementskit-section-title-wraper text_center   ekit_heading_tablet-   ekit_heading_mobile-\"><span class=\"elementskit-section-subtitle  elementskit-style-border\">\n\t\t\t\t\t\tMassage Experts\n\t\t\t\t\t<\/span><h2 class=\"ekit-heading--title elementskit-section-title \">R\u00e9servations de groupe<\/h2><\/div><\/div>\t\t\t\t<\/div>\n\t\t\t\t<\/div>\n\t\t\t\t\t<\/div>\n\t\t<\/div>\n\t\t\t\t\t<\/div>\n\t\t<\/section>\n\t\t\t\t\t<\/div>\n\t\t<\/div>\n\t\t\t\t\t<\/div>\n\t\t<\/section>\n\t\t\t\t<section class=\"elementor-section elementor-top-section elementor-element elementor-element-3743a7c2 elementor-section-boxed elementor-section-height-default elementor-section-height-default sc_fly_static\" data-id=\"3743a7c2\" data-element_type=\"section\">\n\t\t\t\t\t\t<div class=\"elementor-container elementor-column-gap-extended\">\n\t\t\t\t\t<div class=\"elementor-column elementor-col-16 elementor-top-column elementor-element elementor-element-623b88ae sc_content_align_inherit sc_layouts_column_icons_position_left sc_fly_static\" data-id=\"623b88ae\" data-element_type=\"column\">\n\t\t\t<div class=\"elementor-widget-wrap\">\n\t\t\t\t\t\t\t<\/div>\n\t\t<\/div>\n\t\t\t\t<div class=\"elementor-column elementor-col-66 elementor-top-column elementor-element elementor-element-3a8260bb sc_content_align_inherit sc_layouts_column_icons_position_left sc_fly_static\" data-id=\"3a8260bb\" data-element_type=\"column\">\n\t\t\t<div class=\"elementor-widget-wrap elementor-element-populated\">\n\t\t\t\t\t\t<div class=\"elementor-element elementor-element-42e69097 sc_height_small sc_fly_static elementor-widget elementor-widget-spacer\" data-id=\"42e69097\" data-element_type=\"widget\" data-widget_type=\"spacer.default\">\n\t\t\t\t<div class=\"elementor-widget-container\">\n\t\t\t\t\t\t\t<div class=\"elementor-spacer\">\n\t\t\t<div class=\"elementor-spacer-inner\"><\/div>\n\t\t<\/div>\n\t\t\t\t\t\t<\/div>\n\t\t\t\t<\/div>\n\t\t\t\t<div class=\"elementor-element elementor-element-875b804 sc_fly_static elementor-widget elementor-widget-text-editor\" data-id=\"875b804\" data-element_type=\"widget\" data-widget_type=\"text-editor.default\">\n\t\t\t\t<div class=\"elementor-widget-container\">\n\t\t\t\t\t\t\t\t\t<h3 class=\"wp-block-heading\">Bienvenue dans un nouveau concept d\u2019activit\u00e9 de groupe : les Rendez-vous D\u00e9tente !<\/h3>\nPuisque nous disposons de plusieurs salles de soins et de plusieurs massoth\u00e9rapeutes, r\u00e9unissez votre groupe et appelez-nous pour nos Rendez-vous D\u00e9tente. Profitez d\u2019un moment convivial suivi d\u2019une s\u00e9ance d\u00e9compressive chez Massage Experts d\u2019une heure ou plus, pour un instant de paix et de relaxation. C\u2019est le rendez-vous id\u00e9al dans le monde effr\u00e9n\u00e9 d\u2019aujourd\u2019hui. Ces rendez-vous peuvent accueillir de deux personnes jusqu\u2019au nombre maximal que notre clinique peut recevoir en m\u00eame temps (selon le nombre de salles de soins et la disponibilit\u00e9 des massoth\u00e9rapeutes). Chaque soin se d\u00e9roule dans l\u2019intimit\u00e9 de votre propre salle de soins. La facturation directe peut \u00eatre offerte aux personnes admissibles.     \n\nC\u2019est id\u00e9al pour :\n<div class=\"mex-check-list-block-container\">\n<ul>\n \t<li class=\"list-item \"> Rendez-vous familiaux<\/li>\n \t<li class=\"list-item \"> Enterrements de vie de jeune fille<\/li>\n \t<li class=\"list-item \"> Enterrements de vie de gar\u00e7on<\/li>\n \t<li class=\"list-item \"> \u00c9v\u00e9nements de reconnaissance du personnel<\/li>\n \t<li class=\"list-item \"> R\u00e9unions de famille ou d\u2019amis<\/li>\n<\/ul>\n<\/div>\n<strong>Bien que nous nous efforcions d\u2019offrir ces services, leur disponibilit\u00e9 peut \u00eatre limit\u00e9e pour diverses raisons. Chaque clinique peut avoir des capacit\u00e9s diff\u00e9rentes. Veuillez appeler au <a href=\"tel:5147313862\">514 731-3862<\/a> pour plus de d\u00e9tails.  <\/strong>\t\t\t\t\t\t\t\t<\/div>\n\t\t\t\t<\/div>\n\t\t\t\t\t<\/div>\n\t\t<\/div>\n\t\t\t\t<div class=\"elementor-column elementor-col-16 elementor-top-column elementor-element elementor-element-1adcc5af sc_content_align_inherit sc_layouts_column_icons_position_left sc_fly_static\" data-id=\"1adcc5af\" data-element_type=\"column\">\n\t\t\t<div class=\"elementor-widget-wrap\">\n\t\t\t\t\t\t\t<\/div>\n\t\t<\/div>\n\t\t\t\t\t<\/div>\n\t\t<\/section>\n\t\t\t\t<section class=\"elementor-section elementor-top-section elementor-element elementor-element-10bbf8a2 scheme_dark elementor-section-boxed elementor-section-height-default elementor-section-height-default sc_fly_static\" data-id=\"10bbf8a2\" data-element_type=\"section\" data-settings=\"{&quot;background_background&quot;:&quot;classic&quot;}\">\n\t\t\t\t\t\t<div class=\"elementor-container elementor-column-gap-extended\">\n\t\t\t\t\t<div class=\"elementor-column elementor-col-100 elementor-top-column elementor-element elementor-element-5c3652ea sc_content_align_inherit sc_layouts_column_icons_position_left sc_fly_static\" data-id=\"5c3652ea\" data-element_type=\"column\">\n\t\t\t<div class=\"elementor-widget-wrap elementor-element-populated\">\n\t\t\t\t\t\t<div class=\"elementor-element elementor-element-26a1e2e7 sc_height_huge sc_fly_static elementor-widget elementor-widget-spacer\" data-id=\"26a1e2e7\" data-element_type=\"widget\" data-widget_type=\"spacer.default\">\n\t\t\t\t<div class=\"elementor-widget-container\">\n\t\t\t\t\t\t\t<div class=\"elementor-spacer\">\n\t\t\t<div class=\"elementor-spacer-inner\"><\/div>\n\t\t<\/div>\n\t\t\t\t\t\t<\/div>\n\t\t\t\t<\/div>\n\t\t\t\t<div class=\"elementor-element elementor-element-35882a85 sc_height_medium sc_fly_static elementor-widget elementor-widget-spacer\" data-id=\"35882a85\" data-element_type=\"widget\" data-widget_type=\"spacer.default\">\n\t\t\t\t<div class=\"elementor-widget-container\">\n\t\t\t\t\t\t\t<div class=\"elementor-spacer\">\n\t\t\t<div class=\"elementor-spacer-inner\"><\/div>\n\t\t<\/div>\n\t\t\t\t\t\t<\/div>\n\t\t\t\t<\/div>\n\t\t\t\t<div class=\"elementor-element elementor-element-763caf0e sc_fly_static elementor-widget elementor-widget-trx_sc_title\" data-id=\"763caf0e\" data-element_type=\"widget\" data-widget_type=\"trx_sc_title.default\">\n\t\t\t\t<div class=\"elementor-widget-container\">\n\t\t\t\t\t<div\t\tclass=\"sc_title sc_title_decoration\" ><span class=\"sc_item_subtitle sc_title_subtitle sc_align_center sc_item_subtitle_above sc_item_title_style_decoration\">Notre offre sp\u00e9ciale<\/span><h1 class=\"sc_item_title sc_title_title sc_align_center sc_item_title_style_decoration sc_item_title_tag\"\n\t\t\t><span class=\"sc_item_title_text\">Vous m\u00e9ritez ce moment<\/span><\/h1><\/div>\t\t\t\t<\/div>\n\t\t\t\t<\/div>\n\t\t\t\t<div class=\"elementor-element elementor-element-ae2253b sc_fly_static elementor-widget elementor-widget-spacer\" data-id=\"ae2253b\" data-element_type=\"widget\" data-widget_type=\"spacer.default\">\n\t\t\t\t<div class=\"elementor-widget-container\">\n\t\t\t\t\t\t\t<div class=\"elementor-spacer\">\n\t\t\t<div class=\"elementor-spacer-inner\"><\/div>\n\t\t<\/div>\n\t\t\t\t\t\t<\/div>\n\t\t\t\t<\/div>\n\t\t\t\t<div class=\"elementor-element elementor-element-50c494cc scheme_default sc_fly_static elementor-widget elementor-widget-trx_sc_button\" data-id=\"50c494cc\" data-element_type=\"widget\" data-widget_type=\"trx_sc_button.default\">\n\t\t\t\t<div class=\"elementor-widget-container\">\n\t\t\t\t\t<div\tclass=\"sc_item_button sc_button_wrap sc_align_center\" ><a href=\"https:\/\/go.booker.com\/location\/MExCartierville\/service-menu?campaign=ppc_google_mn_landing_page&#038;source=web_direct\" class=\"sc_button sc_button_modern sc_button_size_normal sc_button_icon_left\" target=\"_blank\" rel=\"noopener\"><span class=\"sc_button_text\"><span class=\"sc_button_title_first\">Prendre un rendez-vous<\/span><span class=\"sc_button_title_second\">Prendre un rendez-vous<\/span><\/span><\/a><\/div>\t\t\t\t<\/div>\n\t\t\t\t<\/div>\n\t\t\t\t<div class=\"elementor-element elementor-element-311fe1bb sc_height_huge sc_fly_static elementor-widget elementor-widget-spacer\" data-id=\"311fe1bb\" data-element_type=\"widget\" data-widget_type=\"spacer.default\">\n\t\t\t\t<div class=\"elementor-widget-container\">\n\t\t\t\t\t\t\t<div class=\"elementor-spacer\">\n\t\t\t<div class=\"elementor-spacer-inner\"><\/div>\n\t\t<\/div>\n\t\t\t\t\t\t<\/div>\n\t\t\t\t<\/div>\n\t\t\t\t<div class=\"elementor-element elementor-element-42e34cb sc_height_medium sc_fly_static elementor-widget elementor-widget-spacer\" data-id=\"42e34cb\" data-element_type=\"widget\" data-widget_type=\"spacer.default\">\n\t\t\t\t<div class=\"elementor-widget-container\">\n\t\t\t\t\t\t\t<div class=\"elementor-spacer\">\n\t\t\t<div class=\"elementor-spacer-inner\"><\/div>\n\t\t<\/div>\n\t\t\t\t\t\t<\/div>\n\t\t\t\t<\/div>\n\t\t\t\t\t<\/div>\n\t\t<\/div>\n\t\t\t\t\t<\/div>\n\t\t<\/section>\n\t\t\t\t<\/div>\n\t\t","protected":false},"excerpt":{"rendered":"<p>Massage Experts R\u00e9servations de groupe Bienvenue dans un nouveau concept d\u2019activit\u00e9 de groupe : les Rendez-vous D\u00e9tente ! Puisque nous disposons de plusieurs salles de soins et de plusieurs massoth\u00e9rapeutes,&hellip;<\/p>\n","protected":false},"author":1,"featured_media":0,"parent":0,"menu_order":0,"comment_status":"closed","ping_status":"closed","template":"","meta":{"footnotes":""},"class_list":["post-24251","page","type-page","status-publish","hentry"],"_links":{"self":[{"href":"https:\/\/massagenearby.ca\/fr\/wp-json\/wp\/v2\/pages\/24251","targetHints":{"allow":["GET"]}}],"collection":[{"href":"https:\/\/massagenearby.ca\/fr\/wp-json\/wp\/v2\/pages"}],"about":[{"href":"https:\/\/massagenearby.ca\/fr\/wp-json\/wp\/v2\/types\/page"}],"author":[{"embeddable":true,"href":"https:\/\/massagenearby.ca\/fr\/wp-json\/wp\/v2\/users\/1"}],"replies":[{"embeddable":true,"href":"https:\/\/massagenearby.ca\/fr\/wp-json\/wp\/v2\/comments?post=24251"}],"version-history":[{"count":2,"href":"https:\/\/massagenearby.ca\/fr\/wp-json\/wp\/v2\/pages\/24251\/revisions"}],"predecessor-version":[{"id":24271,"href":"https:\/\/massagenearby.ca\/fr\/wp-json\/wp\/v2\/pages\/24251\/revisions\/24271"}],"wp:attachment":[{"href":"https:\/\/massagenearby.ca\/fr\/wp-json\/wp\/v2\/media?parent=24251"}],"curies":[{"name":"wp","href":"https:\/\/api.w.org\/{rel}","templated":true}]}}