{"id":24250,"date":"2025-04-15T02:38:41","date_gmt":"2025-04-15T02:38:41","guid":{"rendered":"https:\/\/massagenearby.ca\/rendez-vous-familiaux\/"},"modified":"2025-05-19T23:44:05","modified_gmt":"2025-05-19T23:44:05","slug":"rendez-vous-familiaux","status":"publish","type":"page","link":"https:\/\/massagenearby.ca\/fr\/rendez-vous-familiaux\/","title":{"rendered":"Rendez-vous familiaux"},"content":{"rendered":"\t\t<div data-elementor-type=\"wp-page\" data-elementor-id=\"24250\" class=\"elementor elementor-24250 elementor-22913\" data-elementor-post-type=\"page\">\n\t\t\t\t\t\t<section class=\"elementor-section elementor-top-section elementor-element elementor-element-3ead969f elementor-section-boxed elementor-section-height-default elementor-section-height-default sc_fly_static\" data-id=\"3ead969f\" data-element_type=\"section\" data-settings=\"{&quot;background_background&quot;:&quot;classic&quot;}\">\n\t\t\t\t\t\t\t<div class=\"elementor-background-overlay\"><\/div>\n\t\t\t\t\t\t\t<div class=\"elementor-container elementor-column-gap-no\">\n\t\t\t\t\t<div class=\"elementor-column elementor-col-100 elementor-top-column elementor-element elementor-element-5e624ea sc_content_align_inherit sc_layouts_column_icons_position_left sc_fly_static\" data-id=\"5e624ea\" data-element_type=\"column\">\n\t\t\t<div class=\"elementor-widget-wrap elementor-element-populated\">\n\t\t\t\t\t\t<section class=\"elementor-section elementor-inner-section elementor-element elementor-element-455f4d6f elementor-section-boxed elementor-section-height-default elementor-section-height-default sc_fly_static\" data-id=\"455f4d6f\" data-element_type=\"section\">\n\t\t\t\t\t\t<div class=\"elementor-container elementor-column-gap-extended\">\n\t\t\t\t\t<div class=\"elementor-column elementor-col-100 elementor-inner-column elementor-element elementor-element-6ec28f05 sc_content_align_inherit sc_layouts_column_icons_position_left sc_fly_static\" data-id=\"6ec28f05\" data-element_type=\"column\">\n\t\t\t<div class=\"elementor-widget-wrap elementor-element-populated\">\n\t\t\t\t\t\t<div class=\"elementor-element elementor-element-47cead59 sc_fly_static elementor-widget elementor-widget-elementskit-heading\" data-id=\"47cead59\" data-element_type=\"widget\" data-widget_type=\"elementskit-heading.default\">\n\t\t\t\t<div class=\"elementor-widget-container\">\n\t\t\t\t\t<div class=\"ekit-wid-con\" ><div class=\"ekit-heading elementskit-section-title-wraper text_center   ekit_heading_tablet-   ekit_heading_mobile-\"><span class=\"elementskit-section-subtitle  elementskit-style-border\">\n\t\t\t\t\t\tMassage Experts\n\t\t\t\t\t<\/span><h2 class=\"ekit-heading--title elementskit-section-title \">Rendez-vous familiaux<\/h2><\/div><\/div>\t\t\t\t<\/div>\n\t\t\t\t<\/div>\n\t\t\t\t\t<\/div>\n\t\t<\/div>\n\t\t\t\t\t<\/div>\n\t\t<\/section>\n\t\t\t\t\t<\/div>\n\t\t<\/div>\n\t\t\t\t\t<\/div>\n\t\t<\/section>\n\t\t\t\t<section class=\"elementor-section elementor-top-section elementor-element elementor-element-3e717df1 elementor-section-boxed elementor-section-height-default elementor-section-height-default sc_fly_static\" data-id=\"3e717df1\" data-element_type=\"section\">\n\t\t\t\t\t\t<div class=\"elementor-container elementor-column-gap-extended\">\n\t\t\t\t\t<div class=\"elementor-column elementor-col-16 elementor-top-column elementor-element elementor-element-1496625c sc_content_align_inherit sc_layouts_column_icons_position_left sc_fly_static\" data-id=\"1496625c\" data-element_type=\"column\">\n\t\t\t<div class=\"elementor-widget-wrap\">\n\t\t\t\t\t\t\t<\/div>\n\t\t<\/div>\n\t\t\t\t<div class=\"elementor-column elementor-col-66 elementor-top-column elementor-element elementor-element-150ef7aa sc_content_align_inherit sc_layouts_column_icons_position_left sc_fly_static\" data-id=\"150ef7aa\" data-element_type=\"column\">\n\t\t\t<div class=\"elementor-widget-wrap elementor-element-populated\">\n\t\t\t\t\t\t<div class=\"elementor-element elementor-element-4d564de2 sc_fly_static elementor-widget elementor-widget-trx_sc_title\" data-id=\"4d564de2\" data-element_type=\"widget\" data-widget_type=\"trx_sc_title.default\">\n\t\t\t\t<div class=\"elementor-widget-container\">\n\t\t\t\t\t<div\t\tclass=\"sc_title sc_title_decoration\" ><span class=\"sc_item_subtitle sc_title_subtitle sc_align_center sc_item_subtitle_above sc_item_title_style_decoration\">Nous offrons<\/span><\/div>\t\t\t\t<\/div>\n\t\t\t\t<\/div>\n\t\t\t\t<div class=\"elementor-element elementor-element-30289f8 sc_fly_static elementor-widget elementor-widget-text-editor\" data-id=\"30289f8\" data-element_type=\"widget\" data-widget_type=\"text-editor.default\">\n\t\t\t\t<div class=\"elementor-widget-container\">\n\t\t\t\t\t\t\t\t\t<h3 class=\"wp-block-heading\">Vos enfants ont besoin de massages<\/h3><p>Leurs cartables sont lourds, leurs bureaux favorisent le vo\u00fbtement, et leur comp\u00e9titivit\u00e9 peut \u00eatre intense sur les terrains de sport. Leurs nuques sont constamment pench\u00e9es, que ce soit pour lire un livre ou regarder leurs appareils. Nos enfants vivent aussi leurs propres situations de stress, qu\u2019il s\u2019agisse d\u2019\u00e9v\u00e9nements scolaires, de tensions ou de disputes familiales, ou m\u00eame de moments de jeu avec leurs pairs. Leurs corps ne peuvent supporter davantage ; ils ont besoin de l\u2019aide et de la gu\u00e9rison qu\u2019une s\u00e9ance de massage peut leur apporter.<\/p><p>Il est temps d\u2019initier toute votre famille \u00e0 un programme de bien-\u00eatre. Vos enfants ont besoin de massages !<\/p><h4 class=\"wp-block-heading\"><strong>La massoth\u00e9rapie s\u2019est av\u00e9r\u00e9e efficace pour traiter les enfants souffrant de :<\/strong><\/h4><ol class=\"wp-block-list\"><li>D\u00e9pression ou anxi\u00e9t\u00e9<\/li><li>Diab\u00e8te<\/li><li>Asthme<\/li><li>Probl\u00e8mes articulaires li\u00e9s \u00e0 l\u2019arthrite juv\u00e9nile<\/li><li>Troubles d\u2019hyperactivit\u00e9<\/li><li>Probl\u00e8mes psychiatriques<\/li><\/ol><p>Des \u00e9tudes montrent \u00e9galement que les enfants autistes peuvent b\u00e9n\u00e9ficier de la massoth\u00e9rapie.<\/p><p>Le stress et la douleur peuvent provoquer des d\u00e9s\u00e9quilibres dans les syst\u00e8mes immunitaire et hormonal. Des s\u00e9ances r\u00e9guli\u00e8res de massoth\u00e9rapie peuvent aider un enfant \u00e0 r\u00e9duire son niveau de stress, ce qui peut favoriser un meilleur sommeil.<\/p><p>La massoth\u00e9rapie est reconnue comme s\u00fbre et b\u00e9n\u00e9fique pour tous les membres de la famille, quel que soit leur \u00e2ge. Les enfants, qu\u2019il s\u2019agisse de nourrissons, d\u2019enfants d\u2019\u00e2ge pr\u00e9scolaire, d\u2019adolescents ou m\u00eame de jeunes adultes, peuvent en b\u00e9n\u00e9ficier. C\u2019est un moment d\u00e9di\u00e9 \u00e0 soulager leur corps et leur esprit. Quoi de mieux pour votre enfant que de d\u00e9couvrir d\u00e8s maintenant les nombreux bienfaits de la massoth\u00e9rapie, suscitant une appr\u00e9ciation durable au fil de sa croissance ? Pensez-y comme \u00e0 une heure d\u2019\u00e9vasion de leur quotidien, sans aucune technologie, o\u00f9 ils n\u2019ont d\u2019autre choix que de se laisser aller \u00e0 la d\u00e9tente pour soutenir le d\u00e9veloppement de leur esprit et de leurs muscles.<\/p><h4 class=\"wp-block-heading\">Avantages de la massoth\u00e9rapie pour les enfants :<\/h4><ol class=\"wp-block-list\"><li>Sommeil plus profond et r\u00e9parateur<\/li><li>Meilleure conscience corporelle et d\u00e9veloppement neurologique<\/li><li>Stimulation des syst\u00e8mes physiologiques<\/li><li>Diminution des douleurs musculosquelettiques et am\u00e9lioration de la capacit\u00e9 de gu\u00e9rison<\/li><li>R\u00e9duction des niveaux de cortisol (l\u2019hormone du stress)<\/li><\/ol><p>Chez Massage Experts, nous facilitons les rendez-vous familiaux gr\u00e2ce \u00e0 nos nombreuses salles de soins et \u00e0 notre \u00e9quipe de massoth\u00e9rapeutes agr\u00e9\u00e9s (RMT). Bien souvent, toute la famille peut \u00eatre re\u00e7ue pendant la m\u00eame heure. Nos massoth\u00e9rapeutes agr\u00e9\u00e9s adapteront leur traitement aux besoins sp\u00e9cifiques de votre enfant et se concentreront sur l\u2019\u00e9laboration d\u2019un plan d\u2019entretien personnalis\u00e9 en fonction de ses objectifs de sant\u00e9. De plus, nos cliniques ont des heures d\u2019ouverture prolong\u00e9es et sont ouvertes le week-end, afin de nous adapter \u00e0 votre emploi du temps.<\/p><p>Contactez d\u00e8s aujourd\u2019hui votre <a href=\"https:\/\/www.massageexperts.ca\/locations\/\" target=\"_blank\" rel=\"noopener\">clinique locale<\/a> pour r\u00e9server un rendez-vous familial, ou r\u00e9servez facilement en ligne.<br>https:\/\/www.massageexperts.ca\/locations\/ N\u2019oubliez pas que Massage Experts offre la commodit\u00e9 de la facturation directe \u00e0 votre assurance.<\/p><p><strong>Bien que nous nous efforcions d\u2019offrir ces services, leur disponibilit\u00e9 peut \u00eatre limit\u00e9e pour diverses raisons. Chaque clinique peut disposer de capacit\u00e9s diff\u00e9rentes. Veuillez appeler la clinique pour plus de d\u00e9tails.<\/strong><\/p>\t\t\t\t\t\t\t\t<\/div>\n\t\t\t\t<\/div>\n\t\t\t\t<div class=\"elementor-element elementor-element-38acd4d0 sc_height_small sc_fly_static elementor-widget elementor-widget-spacer\" data-id=\"38acd4d0\" data-element_type=\"widget\" data-widget_type=\"spacer.default\">\n\t\t\t\t<div class=\"elementor-widget-container\">\n\t\t\t\t\t\t\t<div class=\"elementor-spacer\">\n\t\t\t<div class=\"elementor-spacer-inner\"><\/div>\n\t\t<\/div>\n\t\t\t\t\t\t<\/div>\n\t\t\t\t<\/div>\n\t\t\t\t\t<\/div>\n\t\t<\/div>\n\t\t\t\t<div class=\"elementor-column elementor-col-16 elementor-top-column elementor-element elementor-element-7cf292f9 sc_content_align_inherit sc_layouts_column_icons_position_left sc_fly_static\" data-id=\"7cf292f9\" data-element_type=\"column\">\n\t\t\t<div class=\"elementor-widget-wrap\">\n\t\t\t\t\t\t\t<\/div>\n\t\t<\/div>\n\t\t\t\t\t<\/div>\n\t\t<\/section>\n\t\t\t\t<section class=\"elementor-section elementor-top-section elementor-element elementor-element-4d223531 elementor-section-boxed elementor-section-height-default elementor-section-height-default sc_fly_static\" data-id=\"4d223531\" data-element_type=\"section\">\n\t\t\t\t\t\t<div class=\"elementor-container elementor-column-gap-extended\">\n\t\t\t\t\t<div class=\"elementor-column elementor-col-100 elementor-top-column elementor-element elementor-element-178efb41 sc_content_align_inherit sc_layouts_column_icons_position_left sc_fly_static\" data-id=\"178efb41\" data-element_type=\"column\">\n\t\t\t<div class=\"elementor-widget-wrap elementor-element-populated\">\n\t\t\t\t\t\t<div class=\"elementor-element elementor-element-4f0062f4 sc_fly_static elementor-widget elementor-widget-trx_sc_button\" data-id=\"4f0062f4\" data-element_type=\"widget\" data-widget_type=\"trx_sc_button.default\">\n\t\t\t\t<div class=\"elementor-widget-container\">\n\t\t\t\t\t<div\tclass=\"sc_item_button sc_button_wrap sc_align_center\" ><a href=\"https:\/\/go.booker.com\/location\/MExCartierville\/service-menu?campaign=ppc_google_mn_landing_page&#038;source=web_direct\" class=\"sc_button sc_button_modern sc_button_size_normal sc_button_icon_left\" target=\"_blank\" rel=\"noopener\"><span class=\"sc_button_text\"><span class=\"sc_button_title_first\">Prendre un rendez-vous<\/span><span class=\"sc_button_title_second\">Prendre un rendez-vous<\/span><\/span><\/a><\/div>\t\t\t\t<\/div>\n\t\t\t\t<\/div>\n\t\t\t\t\t<\/div>\n\t\t<\/div>\n\t\t\t\t\t<\/div>\n\t\t<\/section>\n\t\t\t\t<section class=\"elementor-section elementor-top-section elementor-element elementor-element-3bddae63 scheme_dark elementor-section-boxed elementor-section-height-default elementor-section-height-default sc_fly_static\" data-id=\"3bddae63\" data-element_type=\"section\" data-settings=\"{&quot;background_background&quot;:&quot;classic&quot;}\">\n\t\t\t\t\t\t\t<div class=\"elementor-background-overlay\"><\/div>\n\t\t\t\t\t\t\t<div class=\"elementor-container elementor-column-gap-extended\">\n\t\t\t\t\t<div class=\"elementor-column elementor-col-100 elementor-top-column elementor-element elementor-element-553c8fd3 sc_content_align_inherit sc_layouts_column_icons_position_left sc_fly_static\" data-id=\"553c8fd3\" data-element_type=\"column\">\n\t\t\t<div class=\"elementor-widget-wrap elementor-element-populated\">\n\t\t\t\t\t\t<div class=\"elementor-element elementor-element-7731dfd6 sc_height_huge sc_fly_static elementor-widget elementor-widget-spacer\" data-id=\"7731dfd6\" data-element_type=\"widget\" data-widget_type=\"spacer.default\">\n\t\t\t\t<div class=\"elementor-widget-container\">\n\t\t\t\t\t\t\t<div class=\"elementor-spacer\">\n\t\t\t<div class=\"elementor-spacer-inner\"><\/div>\n\t\t<\/div>\n\t\t\t\t\t\t<\/div>\n\t\t\t\t<\/div>\n\t\t\t\t<div class=\"elementor-element elementor-element-2522 sc_height_medium sc_fly_static elementor-widget elementor-widget-spacer\" data-id=\"2522\" data-element_type=\"widget\" data-widget_type=\"spacer.default\">\n\t\t\t\t<div class=\"elementor-widget-container\">\n\t\t\t\t\t\t\t<div class=\"elementor-spacer\">\n\t\t\t<div class=\"elementor-spacer-inner\"><\/div>\n\t\t<\/div>\n\t\t\t\t\t\t<\/div>\n\t\t\t\t<\/div>\n\t\t\t\t<div class=\"elementor-element elementor-element-44ea9f58 sc_fly_static elementor-widget elementor-widget-trx_sc_title\" data-id=\"44ea9f58\" data-element_type=\"widget\" data-widget_type=\"trx_sc_title.default\">\n\t\t\t\t<div class=\"elementor-widget-container\">\n\t\t\t\t\t<div\t\tclass=\"sc_title sc_title_decoration\" ><span class=\"sc_item_subtitle sc_title_subtitle sc_align_center sc_item_subtitle_above sc_item_title_style_decoration\">Notre offre sp\u00e9ciale<\/span><h1 class=\"sc_item_title sc_title_title sc_align_center sc_item_title_style_decoration sc_item_title_tag\"\n\t\t\t><span class=\"sc_item_title_text\">Vous m\u00e9ritez ce moment<\/span><\/h1><\/div>\t\t\t\t<\/div>\n\t\t\t\t<\/div>\n\t\t\t\t<div class=\"elementor-element elementor-element-77ef33a sc_fly_static elementor-widget elementor-widget-spacer\" data-id=\"77ef33a\" data-element_type=\"widget\" data-widget_type=\"spacer.default\">\n\t\t\t\t<div class=\"elementor-widget-container\">\n\t\t\t\t\t\t\t<div class=\"elementor-spacer\">\n\t\t\t<div class=\"elementor-spacer-inner\"><\/div>\n\t\t<\/div>\n\t\t\t\t\t\t<\/div>\n\t\t\t\t<\/div>\n\t\t\t\t<div class=\"elementor-element elementor-element-77fc6251 scheme_default sc_fly_static elementor-widget elementor-widget-trx_sc_button\" data-id=\"77fc6251\" data-element_type=\"widget\" data-widget_type=\"trx_sc_button.default\">\n\t\t\t\t<div class=\"elementor-widget-container\">\n\t\t\t\t\t<div\tclass=\"sc_item_button sc_button_wrap sc_align_center\" ><a href=\"https:\/\/go.booker.com\/location\/MExCartierville\/service-menu?campaign=ppc_google_mn_landing_page&#038;source=web_direct\" class=\"sc_button sc_button_modern sc_button_size_normal sc_button_icon_left\" target=\"_blank\" rel=\"noopener\"><span class=\"sc_button_text\"><span class=\"sc_button_title_first\">Prendre un rendez-vous<\/span><span class=\"sc_button_title_second\">Prendre un rendez-vous<\/span><\/span><\/a><\/div>\t\t\t\t<\/div>\n\t\t\t\t<\/div>\n\t\t\t\t<div class=\"elementor-element elementor-element-686c797 sc_height_huge sc_fly_static elementor-widget elementor-widget-spacer\" data-id=\"686c797\" data-element_type=\"widget\" data-widget_type=\"spacer.default\">\n\t\t\t\t<div class=\"elementor-widget-container\">\n\t\t\t\t\t\t\t<div class=\"elementor-spacer\">\n\t\t\t<div class=\"elementor-spacer-inner\"><\/div>\n\t\t<\/div>\n\t\t\t\t\t\t<\/div>\n\t\t\t\t<\/div>\n\t\t\t\t<div class=\"elementor-element elementor-element-754abb26 sc_height_medium sc_fly_static elementor-widget elementor-widget-spacer\" data-id=\"754abb26\" data-element_type=\"widget\" data-widget_type=\"spacer.default\">\n\t\t\t\t<div class=\"elementor-widget-container\">\n\t\t\t\t\t\t\t<div class=\"elementor-spacer\">\n\t\t\t<div class=\"elementor-spacer-inner\"><\/div>\n\t\t<\/div>\n\t\t\t\t\t\t<\/div>\n\t\t\t\t<\/div>\n\t\t\t\t\t<\/div>\n\t\t<\/div>\n\t\t\t\t\t<\/div>\n\t\t<\/section>\n\t\t\t\t<\/div>\n\t\t","protected":false},"excerpt":{"rendered":"<p>Massage Experts Rendez-vous familiaux Nous offrons Vos enfants ont besoin de massages Leurs cartables sont lourds, leurs bureaux favorisent le vo\u00fbtement, et leur comp\u00e9titivit\u00e9 peut \u00eatre intense sur les terrains&hellip;<\/p>\n","protected":false},"author":1,"featured_media":0,"parent":0,"menu_order":0,"comment_status":"closed","ping_status":"closed","template":"","meta":{"footnotes":""},"class_list":["post-24250","page","type-page","status-publish","hentry"],"_links":{"self":[{"href":"https:\/\/massagenearby.ca\/fr\/wp-json\/wp\/v2\/pages\/24250","targetHints":{"allow":["GET"]}}],"collection":[{"href":"https:\/\/massagenearby.ca\/fr\/wp-json\/wp\/v2\/pages"}],"about":[{"href":"https:\/\/massagenearby.ca\/fr\/wp-json\/wp\/v2\/types\/page"}],"author":[{"embeddable":true,"href":"https:\/\/massagenearby.ca\/fr\/wp-json\/wp\/v2\/users\/1"}],"replies":[{"embeddable":true,"href":"https:\/\/massagenearby.ca\/fr\/wp-json\/wp\/v2\/comments?post=24250"}],"version-history":[{"count":2,"href":"https:\/\/massagenearby.ca\/fr\/wp-json\/wp\/v2\/pages\/24250\/revisions"}],"predecessor-version":[{"id":24273,"href":"https:\/\/massagenearby.ca\/fr\/wp-json\/wp\/v2\/pages\/24250\/revisions\/24273"}],"wp:attachment":[{"href":"https:\/\/massagenearby.ca\/fr\/wp-json\/wp\/v2\/media?parent=24250"}],"curies":[{"name":"wp","href":"https:\/\/api.w.org\/{rel}","templated":true}]}}